{"id":34648,"date":"2020-12-19T10:49:52","date_gmt":"2020-12-19T10:49:52","guid":{"rendered":"https:\/\/caridad.vamtam.com\/?page_id=34648"},"modified":"2025-02-13T16:30:50","modified_gmt":"2025-02-13T16:30:50","slug":"politica-de-privacidade","status":"publish","type":"page","link":"https:\/\/adsccl.pt\/index.php\/politica-de-privacidade\/","title":{"rendered":"Pol\u00edtica de Privacidade"},"content":{"rendered":"\t\t<div data-elementor-type=\"wp-page\" data-elementor-id=\"34648\" class=\"elementor elementor-34648\" data-elementor-post-type=\"page\">\n\t\t\t\t\t\t<section class=\"elementor-section elementor-top-section elementor-element elementor-element-39399e7 elementor-section-boxed elementor-section-height-default elementor-section-height-default\" data-id=\"39399e7\" data-element_type=\"section\" data-e-type=\"section\">\n\t\t\t\t\t\t<div class=\"elementor-container elementor-column-gap-no\">\n\t\t\t\t\t<div class=\"elementor-column elementor-col-100 elementor-top-column elementor-element elementor-element-607d9b2\" data-id=\"607d9b2\" data-element_type=\"column\" data-e-type=\"column\">\n\t\t\t<div class=\"elementor-widget-wrap elementor-element-populated\">\n\t\t\t\t\t\t<div class=\"elementor-element elementor-element-2bdce6e elementor-widget elementor-widget-heading\" data-id=\"2bdce6e\" data-element_type=\"widget\" data-e-type=\"widget\" data-widget_type=\"heading.default\">\n\t\t\t\t<div class=\"elementor-widget-container\">\n\t\t\t\t\t<h2 class=\"elementor-heading-title elementor-size-default\">Pol\u00edtica de Privacidade<\/h2>\t\t\t\t<\/div>\n\t\t\t\t<\/div>\n\t\t\t\t<div class=\"elementor-element elementor-element-bb0c1cf elementor-widget elementor-widget-heading\" data-id=\"bb0c1cf\" data-element_type=\"widget\" data-e-type=\"widget\" data-widget_type=\"heading.default\">\n\t\t\t\t<div class=\"elementor-widget-container\">\n\t\t\t\t\t<h4 class=\"elementor-heading-title elementor-size-default\">Na ADSCCL - Associa\u00e7\u00e3o de Desenvolvimento Social e Cultural dos Cinco Lugares, valorizamos a confian\u00e7a que deposita em n\u00f3s e assumimos o compromisso de proteger a confidencialidade e a integridade dos seus dados pessoais. Esta Pol\u00edtica de Privacidade explica como utilizamos os seus dados e abrange os seguintes t\u00f3picos:<\/h4>\t\t\t\t<\/div>\n\t\t\t\t<\/div>\n\t\t\t\t<div class=\"elementor-element elementor-element-a3b7669 elementor-widget elementor-widget-heading\" data-id=\"a3b7669\" data-element_type=\"widget\" data-e-type=\"widget\" data-widget_type=\"heading.default\">\n\t\t\t\t<div class=\"elementor-widget-container\">\n\t\t\t\t\t<h3 class=\"elementor-heading-title elementor-size-default\">1. Respons\u00e1vel pelo Tratamento de Dados<\/h3>\t\t\t\t<\/div>\n\t\t\t\t<\/div>\n\t\t\t\t<div class=\"elementor-element elementor-element-555d6fe elementor-widget elementor-widget-text-editor\" data-id=\"555d6fe\" data-element_type=\"widget\" data-e-type=\"widget\" data-widget_type=\"text-editor.default\">\n\t\t\t\t<div class=\"elementor-widget-container\">\n\t\t\t\t\t\t\t\t\t<h5><span style=\"font-weight: 400;\">A ADSCCL &#8211; Associa\u00e7\u00e3o de Desenvolvimento Social e Cultural dos Cinco Lugares \u00e9 respons\u00e1vel pelo tratamento dos dados pessoais submetidos atrav\u00e9s do Formul\u00e1rio de Contactos dispon\u00edvel na nossa p\u00e1gina.<\/span><\/h5>\t\t\t\t\t\t\t\t<\/div>\n\t\t\t\t<\/div>\n\t\t\t\t<div class=\"elementor-element elementor-element-8c96eac elementor-widget elementor-widget-heading\" data-id=\"8c96eac\" data-element_type=\"widget\" data-e-type=\"widget\" data-widget_type=\"heading.default\">\n\t\t\t\t<div class=\"elementor-widget-container\">\n\t\t\t\t\t<h3 class=\"elementor-heading-title elementor-size-default\">2. Como Recolhemos os seus Dados<\/h3>\t\t\t\t<\/div>\n\t\t\t\t<\/div>\n\t\t\t\t<div class=\"elementor-element elementor-element-351ab08 elementor-widget elementor-widget-text-editor\" data-id=\"351ab08\" data-element_type=\"widget\" data-e-type=\"widget\" data-widget_type=\"text-editor.default\">\n\t\t\t\t<div class=\"elementor-widget-container\">\n\t\t\t\t\t\t\t\t\t<p>Os seus dados pessoais s\u00e3o recolhidos quando preenche e submete o Formul\u00e1rio de Contactos.<\/p>\t\t\t\t\t\t\t\t<\/div>\n\t\t\t\t<\/div>\n\t\t\t\t<div class=\"elementor-element elementor-element-5d38ee9 elementor-widget elementor-widget-heading\" data-id=\"5d38ee9\" data-element_type=\"widget\" data-e-type=\"widget\" data-widget_type=\"heading.default\">\n\t\t\t\t<div class=\"elementor-widget-container\">\n\t\t\t\t\t<h3 class=\"elementor-heading-title elementor-size-default\">3. Finalidades e Fundamento para o Uso dos Dados<\/h3>\t\t\t\t<\/div>\n\t\t\t\t<\/div>\n\t\t\t\t<div class=\"elementor-element elementor-element-4dd42f1 elementor-widget elementor-widget-text-editor\" data-id=\"4dd42f1\" data-element_type=\"widget\" data-e-type=\"widget\" data-widget_type=\"text-editor.default\">\n\t\t\t\t<div class=\"elementor-widget-container\">\n\t\t\t\t\t\t\t\t\t<p><span style=\"font-weight: 400;\">Os dados que nos fornece ser\u00e3o utilizados para:<\/span><\/p><ul><li style=\"font-weight: 400;\" aria-level=\"1\"><span style=\"font-weight: 400;\">Processamento de pedidos de or\u00e7amento;<\/span><\/li><li style=\"font-weight: 400;\" aria-level=\"1\"><span style=\"font-weight: 400;\">Contactos relacionados com a promo\u00e7\u00e3o dos nossos servi\u00e7os e iniciativas.<\/span><\/li><\/ul>\t\t\t\t\t\t\t\t<\/div>\n\t\t\t\t<\/div>\n\t\t\t\t<div class=\"elementor-element elementor-element-2a77665 elementor-widget elementor-widget-heading\" data-id=\"2a77665\" data-element_type=\"widget\" data-e-type=\"widget\" data-widget_type=\"heading.default\">\n\t\t\t\t<div class=\"elementor-widget-container\">\n\t\t\t\t\t<h3 class=\"elementor-heading-title elementor-size-default\">4. Dados Recolhidos<\/h3>\t\t\t\t<\/div>\n\t\t\t\t<\/div>\n\t\t\t\t<div class=\"elementor-element elementor-element-a91678a elementor-widget elementor-widget-text-editor\" data-id=\"a91678a\" data-element_type=\"widget\" data-e-type=\"widget\" data-widget_type=\"text-editor.default\">\n\t\t\t\t<div class=\"elementor-widget-container\">\n\t\t\t\t\t\t\t\t\t<p><span style=\"font-weight: 400;\">Podemos recolher as seguintes informa\u00e7\u00f5es de contacto:<\/span><\/p><ul><li style=\"font-weight: 400;\" aria-level=\"1\"><span style=\"font-weight: 400;\">Nome<\/span><\/li><li style=\"font-weight: 400;\" aria-level=\"1\"><span style=\"font-weight: 400;\">E-mail<\/span><\/li><li style=\"font-weight: 400;\" aria-level=\"1\"><span style=\"font-weight: 400;\">Telefone<\/span><\/li><\/ul>\t\t\t\t\t\t\t\t<\/div>\n\t\t\t\t<\/div>\n\t\t\t\t<div class=\"elementor-element elementor-element-7be9a95 elementor-widget elementor-widget-heading\" data-id=\"7be9a95\" data-element_type=\"widget\" data-e-type=\"widget\" data-widget_type=\"heading.default\">\n\t\t\t\t<div class=\"elementor-widget-container\">\n\t\t\t\t\t<h3 class=\"elementor-heading-title elementor-size-default\">5. Seguran\u00e7a dos seus Dados<\/h3>\t\t\t\t<\/div>\n\t\t\t\t<\/div>\n\t\t\t\t<div class=\"elementor-element elementor-element-42a809e elementor-widget elementor-widget-text-editor\" data-id=\"42a809e\" data-element_type=\"widget\" data-e-type=\"widget\" data-widget_type=\"text-editor.default\">\n\t\t\t\t<div class=\"elementor-widget-container\">\n\t\t\t\t\t\t\t\t\t<p><span style=\"font-weight: 400;\">Adotamos diversas medidas para proteger os seus dados pessoais, incluindo:<\/span><\/p><ul><li style=\"font-weight: 400;\" aria-level=\"1\"><span style=\"font-weight: 400;\">Encripta\u00e7\u00e3o para garantir a seguran\u00e7a das informa\u00e7\u00f5es;<\/span><\/li><li style=\"font-weight: 400;\" aria-level=\"1\"><span style=\"font-weight: 400;\">Restri\u00e7\u00e3o de acesso com base no princ\u00edpio da \u201cnecessidade de conhecer\u201d;<\/span><\/li><li style=\"font-weight: 400;\" aria-level=\"1\"><span style=\"font-weight: 400;\">Utiliza\u00e7\u00e3o de firewalls para evitar acessos n\u00e3o autorizados;<\/span><\/li><li style=\"font-weight: 400;\" aria-level=\"1\"><span style=\"font-weight: 400;\">Monitoriza\u00e7\u00e3o cont\u00ednua dos nossos sistemas para prevenir usos indevidos.<\/span><\/li><\/ul><p><span style=\"font-weight: 400;\">Embora nenhuma transmiss\u00e3o de dados pela internet seja completamente segura, fazemos o m\u00e1ximo para proteger as suas informa\u00e7\u00f5es em conformidade com as normas legais aplic\u00e1veis.<\/span><\/p>\t\t\t\t\t\t\t\t<\/div>\n\t\t\t\t<\/div>\n\t\t\t\t<div class=\"elementor-element elementor-element-c10650f elementor-widget elementor-widget-heading\" data-id=\"c10650f\" data-element_type=\"widget\" data-e-type=\"widget\" data-widget_type=\"heading.default\">\n\t\t\t\t<div class=\"elementor-widget-container\">\n\t\t\t\t\t<h3 class=\"elementor-heading-title elementor-size-default\">6. Prazo de Conserva\u00e7\u00e3o<\/h3>\t\t\t\t<\/div>\n\t\t\t\t<\/div>\n\t\t\t\t<div class=\"elementor-element elementor-element-be50e04 elementor-widget elementor-widget-text-editor\" data-id=\"be50e04\" data-element_type=\"widget\" data-e-type=\"widget\" data-widget_type=\"text-editor.default\">\n\t\t\t\t<div class=\"elementor-widget-container\">\n\t\t\t\t\t\t\t\t\t<p><span style=\"font-weight: 400;\">Os seus dados ser\u00e3o mantidos apenas at\u00e9 que solicite o seu apagamento.<\/span><\/p><p>\u00a0<\/p>\t\t\t\t\t\t\t\t<\/div>\n\t\t\t\t<\/div>\n\t\t\t\t<div class=\"elementor-element elementor-element-616f31d elementor-widget elementor-widget-heading\" data-id=\"616f31d\" data-element_type=\"widget\" data-e-type=\"widget\" data-widget_type=\"heading.default\">\n\t\t\t\t<div class=\"elementor-widget-container\">\n\t\t\t\t\t<h3 class=\"elementor-heading-title elementor-size-default\">7. Partilha e Armazenamento<\/h3>\t\t\t\t<\/div>\n\t\t\t\t<\/div>\n\t\t\t\t<div class=\"elementor-element elementor-element-af25a5b elementor-widget elementor-widget-text-editor\" data-id=\"af25a5b\" data-element_type=\"widget\" data-e-type=\"widget\" data-widget_type=\"text-editor.default\">\n\t\t\t\t<div class=\"elementor-widget-container\">\n\t\t\t\t\t\t\t\t\t<p><span style=\"font-weight: 400;\">Os dados recolhidos s\u00e3o armazenados em servidores protegidos dos nossos fornecedores, que cumprem rigorosamente as nossas pol\u00edticas de prote\u00e7\u00e3o de dados.<\/span><\/p><p>\u00a0<\/p>\t\t\t\t\t\t\t\t<\/div>\n\t\t\t\t<\/div>\n\t\t\t\t<div class=\"elementor-element elementor-element-5519e94 elementor-widget elementor-widget-heading\" data-id=\"5519e94\" data-element_type=\"widget\" data-e-type=\"widget\" data-widget_type=\"heading.default\">\n\t\t\t\t<div class=\"elementor-widget-container\">\n\t\t\t\t\t<h3 class=\"elementor-heading-title elementor-size-default\">8. Altera\u00e7\u00e3o ou Retirada de Consentimento<\/h3>\t\t\t\t<\/div>\n\t\t\t\t<\/div>\n\t\t\t\t<div class=\"elementor-element elementor-element-8451292 elementor-widget elementor-widget-text-editor\" data-id=\"8451292\" data-element_type=\"widget\" data-e-type=\"widget\" data-widget_type=\"text-editor.default\">\n\t\t\t\t<div class=\"elementor-widget-container\">\n\t\t\t\t\t\t\t\t\t<p><span style=\"font-weight: 400;\">Pode, a qualquer momento, retirar ou alterar o consentimento que deu \u00e0 ADSCCL &#8211; Associa\u00e7\u00e3o de Desenvolvimento Social e Cultural dos Cinco Lugares. Para isso, basta contactar-nos presencialmente ou por e-mail, apresentando prova de identidade. Ap\u00f3s a retirada, os seus dados deixar\u00e3o de ser tratados.<\/span><\/p><p><span style=\"font-weight: 400;\">Al\u00e9m disso, tem o direito de:<\/span><\/p><ul><li style=\"font-weight: 400;\" aria-level=\"1\"><span style=\"font-weight: 400;\">Solicitar informa\u00e7\u00f5es sobre os dados armazenados;<\/span><\/li><li style=\"font-weight: 400;\" aria-level=\"1\"><span style=\"font-weight: 400;\">Pedir a retifica\u00e7\u00e3o, apagamento ou bloqueio dos seus dados pessoais.<\/span><\/li><\/ul><p><span style=\"font-weight: 400;\">Para mais informa\u00e7\u00f5es sobre o tratamento dos seus dados e os seus direitos, consulte esta Pol\u00edtica de Privacidade ou entre em contacto connosco diretamente.<\/span><\/p>\t\t\t\t\t\t\t\t<\/div>\n\t\t\t\t<\/div>\n\t\t\t\t\t<\/div>\n\t\t<\/div>\n\t\t\t\t\t<\/div>\n\t\t<\/section>\n\t\t\t\t<\/div>\n\t\t","protected":false},"excerpt":{"rendered":"<p>Pol\u00edtica de Privacidade Na ADSCCL &#8211; Associa\u00e7\u00e3o de Desenvolvimento Social e Cultural dos Cinco Lugares, valorizamos a confian\u00e7a que deposita em n\u00f3s e assumimos o compromisso de proteger a confidencialidade e a integridade dos seus dados pessoais. Esta Pol\u00edtica de Privacidade explica como utilizamos os seus dados e abrange os seguintes t\u00f3picos: 1. Respons\u00e1vel pelo&#8230;<\/p>\n","protected":false},"author":1,"featured_media":0,"parent":0,"menu_order":0,"comment_status":"closed","ping_status":"closed","template":"","meta":{"give_campaign_id":0,"footnotes":""},"class_list":["post-34648","page","type-page","status-publish","hentry"],"yoast_head":"<!-- This site is optimized with the Yoast SEO plugin v27.2 - https:\/\/yoast.com\/product\/yoast-seo-wordpress\/ -->\n<title>Pol\u00edtica de Privacidade - ADSCCL<\/title>\n<meta name=\"robots\" content=\"index, follow, max-snippet:-1, max-image-preview:large, max-video-preview:-1\" \/>\n<link rel=\"canonical\" href=\"https:\/\/adsccl.pt\/index.php\/politica-de-privacidade\/\" \/>\n<meta property=\"og:locale\" content=\"en_US\" \/>\n<meta property=\"og:type\" content=\"article\" \/>\n<meta property=\"og:title\" content=\"Pol\u00edtica de Privacidade - ADSCCL\" \/>\n<meta property=\"og:description\" content=\"Pol\u00edtica de Privacidade Na ADSCCL &#8211; Associa\u00e7\u00e3o de Desenvolvimento Social e Cultural dos Cinco Lugares, valorizamos a confian\u00e7a que deposita em n\u00f3s e assumimos o compromisso de proteger a confidencialidade e a integridade dos seus dados pessoais. Esta Pol\u00edtica de Privacidade explica como utilizamos os seus dados e abrange os seguintes t\u00f3picos: 1. Respons\u00e1vel pelo...\" \/>\n<meta property=\"og:url\" content=\"https:\/\/adsccl.pt\/index.php\/politica-de-privacidade\/\" \/>\n<meta property=\"og:site_name\" content=\"ADSCCL\" \/>\n<meta property=\"article:modified_time\" content=\"2025-02-13T16:30:50+00:00\" \/>\n<meta name=\"twitter:card\" content=\"summary_large_image\" \/>\n<meta name=\"twitter:label1\" content=\"Est. reading time\" \/>\n\t<meta name=\"twitter:data1\" content=\"2 minutes\" \/>\n<script type=\"application\/ld+json\" class=\"yoast-schema-graph\">{\"@context\":\"https:\/\/schema.org\",\"@graph\":[{\"@type\":\"WebPage\",\"@id\":\"https:\/\/adsccl.pt\/index.php\/politica-de-privacidade\/\",\"url\":\"https:\/\/adsccl.pt\/index.php\/politica-de-privacidade\/\",\"name\":\"Pol\u00edtica de Privacidade - ADSCCL\",\"isPartOf\":{\"@id\":\"https:\/\/adsccl.pt\/#website\"},\"datePublished\":\"2020-12-19T10:49:52+00:00\",\"dateModified\":\"2025-02-13T16:30:50+00:00\",\"breadcrumb\":{\"@id\":\"https:\/\/adsccl.pt\/index.php\/politica-de-privacidade\/#breadcrumb\"},\"inLanguage\":\"en-US\",\"potentialAction\":[{\"@type\":\"ReadAction\",\"target\":[\"https:\/\/adsccl.pt\/index.php\/politica-de-privacidade\/\"]}]},{\"@type\":\"BreadcrumbList\",\"@id\":\"https:\/\/adsccl.pt\/index.php\/politica-de-privacidade\/#breadcrumb\",\"itemListElement\":[{\"@type\":\"ListItem\",\"position\":1,\"name\":\"Home\",\"item\":\"https:\/\/adsccl.pt\/\"},{\"@type\":\"ListItem\",\"position\":2,\"name\":\"Pol\u00edtica de Privacidade\"}]},{\"@type\":\"WebSite\",\"@id\":\"https:\/\/adsccl.pt\/#website\",\"url\":\"https:\/\/adsccl.pt\/\",\"name\":\"ADSCCL\",\"description\":\"INSPIRA\u00c7\u00c3O PARA UM MUNDO MELHOR\",\"publisher\":{\"@id\":\"https:\/\/adsccl.pt\/#organization\"},\"potentialAction\":[{\"@type\":\"SearchAction\",\"target\":{\"@type\":\"EntryPoint\",\"urlTemplate\":\"https:\/\/adsccl.pt\/?s={search_term_string}\"},\"query-input\":{\"@type\":\"PropertyValueSpecification\",\"valueRequired\":true,\"valueName\":\"search_term_string\"}}],\"inLanguage\":\"en-US\"},{\"@type\":\"Organization\",\"@id\":\"https:\/\/adsccl.pt\/#organization\",\"name\":\"ADSCCL\",\"url\":\"https:\/\/adsccl.pt\/\",\"logo\":{\"@type\":\"ImageObject\",\"inLanguage\":\"en-US\",\"@id\":\"https:\/\/adsccl.pt\/#\/schema\/logo\/image\/\",\"url\":\"https:\/\/adsccl.pt\/wp-content\/uploads\/2020\/04\/lOGO_adsCCL-2.png\",\"contentUrl\":\"https:\/\/adsccl.pt\/wp-content\/uploads\/2020\/04\/lOGO_adsCCL-2.png\",\"width\":1679,\"height\":540,\"caption\":\"ADSCCL\"},\"image\":{\"@id\":\"https:\/\/adsccl.pt\/#\/schema\/logo\/image\/\"}}]}<\/script>\n<!-- \/ Yoast SEO plugin. -->","yoast_head_json":{"title":"Pol\u00edtica de Privacidade - ADSCCL","robots":{"index":"index","follow":"follow","max-snippet":"max-snippet:-1","max-image-preview":"max-image-preview:large","max-video-preview":"max-video-preview:-1"},"canonical":"https:\/\/adsccl.pt\/index.php\/politica-de-privacidade\/","og_locale":"en_US","og_type":"article","og_title":"Pol\u00edtica de Privacidade - ADSCCL","og_description":"Pol\u00edtica de Privacidade Na ADSCCL &#8211; Associa\u00e7\u00e3o de Desenvolvimento Social e Cultural dos Cinco Lugares, valorizamos a confian\u00e7a que deposita em n\u00f3s e assumimos o compromisso de proteger a confidencialidade e a integridade dos seus dados pessoais. Esta Pol\u00edtica de Privacidade explica como utilizamos os seus dados e abrange os seguintes t\u00f3picos: 1. Respons\u00e1vel pelo...","og_url":"https:\/\/adsccl.pt\/index.php\/politica-de-privacidade\/","og_site_name":"ADSCCL","article_modified_time":"2025-02-13T16:30:50+00:00","twitter_card":"summary_large_image","twitter_misc":{"Est. reading time":"2 minutes"},"schema":{"@context":"https:\/\/schema.org","@graph":[{"@type":"WebPage","@id":"https:\/\/adsccl.pt\/index.php\/politica-de-privacidade\/","url":"https:\/\/adsccl.pt\/index.php\/politica-de-privacidade\/","name":"Pol\u00edtica de Privacidade - ADSCCL","isPartOf":{"@id":"https:\/\/adsccl.pt\/#website"},"datePublished":"2020-12-19T10:49:52+00:00","dateModified":"2025-02-13T16:30:50+00:00","breadcrumb":{"@id":"https:\/\/adsccl.pt\/index.php\/politica-de-privacidade\/#breadcrumb"},"inLanguage":"en-US","potentialAction":[{"@type":"ReadAction","target":["https:\/\/adsccl.pt\/index.php\/politica-de-privacidade\/"]}]},{"@type":"BreadcrumbList","@id":"https:\/\/adsccl.pt\/index.php\/politica-de-privacidade\/#breadcrumb","itemListElement":[{"@type":"ListItem","position":1,"name":"Home","item":"https:\/\/adsccl.pt\/"},{"@type":"ListItem","position":2,"name":"Pol\u00edtica de Privacidade"}]},{"@type":"WebSite","@id":"https:\/\/adsccl.pt\/#website","url":"https:\/\/adsccl.pt\/","name":"ADSCCL","description":"INSPIRA\u00c7\u00c3O PARA UM MUNDO MELHOR","publisher":{"@id":"https:\/\/adsccl.pt\/#organization"},"potentialAction":[{"@type":"SearchAction","target":{"@type":"EntryPoint","urlTemplate":"https:\/\/adsccl.pt\/?s={search_term_string}"},"query-input":{"@type":"PropertyValueSpecification","valueRequired":true,"valueName":"search_term_string"}}],"inLanguage":"en-US"},{"@type":"Organization","@id":"https:\/\/adsccl.pt\/#organization","name":"ADSCCL","url":"https:\/\/adsccl.pt\/","logo":{"@type":"ImageObject","inLanguage":"en-US","@id":"https:\/\/adsccl.pt\/#\/schema\/logo\/image\/","url":"https:\/\/adsccl.pt\/wp-content\/uploads\/2020\/04\/lOGO_adsCCL-2.png","contentUrl":"https:\/\/adsccl.pt\/wp-content\/uploads\/2020\/04\/lOGO_adsCCL-2.png","width":1679,"height":540,"caption":"ADSCCL"},"image":{"@id":"https:\/\/adsccl.pt\/#\/schema\/logo\/image\/"}}]}},"campaignId":"","_links":{"self":[{"href":"https:\/\/adsccl.pt\/index.php\/wp-json\/wp\/v2\/pages\/34648","targetHints":{"allow":["GET"]}}],"collection":[{"href":"https:\/\/adsccl.pt\/index.php\/wp-json\/wp\/v2\/pages"}],"about":[{"href":"https:\/\/adsccl.pt\/index.php\/wp-json\/wp\/v2\/types\/page"}],"author":[{"embeddable":true,"href":"https:\/\/adsccl.pt\/index.php\/wp-json\/wp\/v2\/users\/1"}],"replies":[{"embeddable":true,"href":"https:\/\/adsccl.pt\/index.php\/wp-json\/wp\/v2\/comments?post=34648"}],"version-history":[{"count":4,"href":"https:\/\/adsccl.pt\/index.php\/wp-json\/wp\/v2\/pages\/34648\/revisions"}],"predecessor-version":[{"id":987915,"href":"https:\/\/adsccl.pt\/index.php\/wp-json\/wp\/v2\/pages\/34648\/revisions\/987915"}],"wp:attachment":[{"href":"https:\/\/adsccl.pt\/index.php\/wp-json\/wp\/v2\/media?parent=34648"}],"curies":[{"name":"wp","href":"https:\/\/api.w.org\/{rel}","templated":true}]}}