{"id":987827,"date":"2025-02-13T14:31:56","date_gmt":"2025-02-13T14:31:56","guid":{"rendered":"https:\/\/adsccl.pt\/?page_id=987827"},"modified":"2025-05-27T12:08:07","modified_gmt":"2025-05-27T12:08:07","slug":"banco-de-recursos","status":"publish","type":"page","link":"https:\/\/adsccl.pt\/index.php\/banco-de-recursos\/","title":{"rendered":"Banco de Recursos"},"content":{"rendered":"\t\t<div data-elementor-type=\"wp-page\" data-elementor-id=\"987827\" class=\"elementor elementor-987827\" data-elementor-post-type=\"page\">\n\t\t\t\t\t\t<section class=\"elementor-section elementor-top-section elementor-element elementor-element-fccdb9c elementor-section-full_width elementor-section-height-min-height animated-fast elementor-section-height-default elementor-section-items-middle elementor-invisible\" data-id=\"fccdb9c\" data-element_type=\"section\" data-e-type=\"section\" data-settings=\"{&quot;background_background&quot;:&quot;classic&quot;,&quot;animation&quot;:&quot;fadeIn&quot;,&quot;animation_tablet&quot;:&quot;none&quot;}\">\n\t\t\t\t\t\t\t<div class=\"elementor-background-overlay\"><\/div>\n\t\t\t\t\t\t\t<div class=\"elementor-container elementor-column-gap-no\">\n\t\t\t\t\t<div class=\"elementor-column elementor-col-100 elementor-top-column elementor-element elementor-element-fe2ea30\" data-id=\"fe2ea30\" data-element_type=\"column\" data-e-type=\"column\">\n\t\t\t<div class=\"elementor-widget-wrap\">\n\t\t\t\t\t\t\t<\/div>\n\t\t<\/div>\n\t\t\t\t\t<\/div>\n\t\t<\/section>\n\t\t\t\t<section class=\"elementor-section elementor-top-section elementor-element elementor-element-bf720bf elementor-section-boxed elementor-section-height-default elementor-section-height-default\" data-id=\"bf720bf\" data-element_type=\"section\" data-e-type=\"section\">\n\t\t\t\t\t\t<div class=\"elementor-container elementor-column-gap-no\">\n\t\t\t\t\t<div class=\"elementor-column elementor-col-50 elementor-top-column elementor-element elementor-element-d5a9aba\" data-id=\"d5a9aba\" data-element_type=\"column\" data-e-type=\"column\" data-settings=\"{&quot;motion_fx_motion_fx_scrolling&quot;:&quot;yes&quot;,&quot;motion_fx_translateY_effect&quot;:&quot;yes&quot;,&quot;motion_fx_translateY_speed&quot;:{&quot;unit&quot;:&quot;px&quot;,&quot;size&quot;:1,&quot;sizes&quot;:[]},&quot;motion_fx_devices&quot;:[&quot;desktop&quot;],&quot;motion_fx_translateY_affectedRange&quot;:{&quot;unit&quot;:&quot;%&quot;,&quot;size&quot;:&quot;&quot;,&quot;sizes&quot;:{&quot;start&quot;:0,&quot;end&quot;:100}}}\">\n\t\t\t<div class=\"elementor-widget-wrap elementor-element-populated\">\n\t\t\t\t\t\t<div class=\"elementor-element elementor-element-a6afcb9 elementor-widget elementor-widget-heading\" data-id=\"a6afcb9\" data-element_type=\"widget\" data-e-type=\"widget\" data-widget_type=\"heading.default\">\n\t\t\t\t<div class=\"elementor-widget-container\">\n\t\t\t\t\t<h4 class=\"elementor-heading-title elementor-size-default\">Banco de Recursos dos Cinco Sentidos<\/h4>\t\t\t\t<\/div>\n\t\t\t\t<\/div>\n\t\t\t\t<div class=\"elementor-element elementor-element-1fa740f elementor-widget__width-auto elementor-widget-tablet__width-auto elementor-widget-mobile__width-inherit vamtam-align-left elementor-widget elementor-widget-heading\" data-id=\"1fa740f\" data-element_type=\"widget\" data-e-type=\"widget\" data-widget_type=\"heading.heading_caridad\">\n\t\t\t\t<div class=\"elementor-widget-container\">\n\t\t\t\t\t<h1 class='vamtam-heading-wrapper'><div class=\"elementor-heading-title\">Envelhecimento<\/div><div class=\"elementor-heading-title\">Digno e Solid\u00e1rio<\/div><\/h1>\t\t\t\t<\/div>\n\t\t\t\t<\/div>\n\t\t\t\t\t<\/div>\n\t\t<\/div>\n\t\t\t\t<div class=\"elementor-column elementor-col-50 elementor-top-column elementor-element elementor-element-47d4113 elementor-hidden-desktop elementor-hidden-tablet elementor-hidden-phone\" data-id=\"47d4113\" data-element_type=\"column\" data-e-type=\"column\">\n\t\t\t<div class=\"elementor-widget-wrap\">\n\t\t\t\t\t\t\t<\/div>\n\t\t<\/div>\n\t\t\t\t\t<\/div>\n\t\t<\/section>\n\t\t\t\t<section class=\"elementor-section elementor-top-section elementor-element elementor-element-aef85cc elementor-reverse-mobile elementor-section-boxed elementor-section-height-default elementor-section-height-default\" data-id=\"aef85cc\" data-element_type=\"section\" data-e-type=\"section\">\n\t\t\t\t\t\t<div class=\"elementor-container elementor-column-gap-no\">\n\t\t\t\t\t<div class=\"elementor-column elementor-col-50 elementor-top-column elementor-element elementor-element-89f8239\" data-id=\"89f8239\" data-element_type=\"column\" data-e-type=\"column\">\n\t\t\t<div class=\"elementor-widget-wrap elementor-element-populated\">\n\t\t\t\t\t\t<div class=\"elementor-element elementor-element-ec7d939 elementor-widget__width-initial elementor-widget-mobile__width-initial elementor-widget-tablet__width-initial elementor-widget elementor-widget-text-editor\" data-id=\"ec7d939\" data-element_type=\"widget\" data-e-type=\"widget\" data-widget_type=\"text-editor.default\">\n\t\t\t\t<div class=\"elementor-widget-container\">\n\t\t\t\t\t\t\t\t\t<p>O\u00a0<strong>Banco de Recursos dos Cinco Sentidos<\/strong>\u00a0\u00e9 um modelo alternativo, solid\u00e1rio e respons\u00e1vel, que oferece uma solu\u00e7\u00e3o \u00e0 compra de bens de apoio para um envelhecimento mais digno. Este projeto, de cariz solid\u00e1rio, disponibiliza bens gratuitamente, mas com um contrato associado que implica o cuidado com o bem e a sua devolu\u00e7\u00e3o quando deixar de ser necess\u00e1rio.<\/p><p>O\u00a0<strong>objetivo geral<\/strong>\u00a0\u00e9 fornecer ajudas t\u00e9cnicas e bens de apoio \u00e0 funcionalidade e ao bem-estar de pessoas com limita\u00e7\u00f5es de locomo\u00e7\u00e3o, motivadas por problemas de sa\u00fade, acidentes ou envelhecimento, e que perten\u00e7am a fam\u00edlias com baixos recursos econ\u00f3micos.<\/p><p>Dinamizado por volunt\u00e1rios e sustentado por donativos de particulares e empresas, o Banco de Recursos conta agora com o apoio do\u00a0<strong>BPI \u2013 Iniciativa Social Descentralizada<\/strong>, que permitiu equip\u00e1-lo com mais recursos essenciais. Entre os materiais dispon\u00edveis est\u00e3o:<\/p><ul><li><p><strong>Ajudas t\u00e9cnicas<\/strong>\u00a0para banho e conforto, como camas articuladas;<\/p><\/li><li><p><strong>Material de estimula\u00e7\u00e3o cognitiva<\/strong>;<\/p><\/li><li><p><strong>Material para infoinclus\u00e3o<\/strong>, que incentiva a estimula\u00e7\u00e3o cognitiva e outras atividades.<\/p><\/li><\/ul><p>O material \u00e9 cedido a t\u00edtulo de\u00a0<strong>empr\u00e9stimo ou aluguer<\/strong>, mediante avalia\u00e7\u00e3o da equipa do\u00a0<strong>REDE CUIDAS<\/strong>, que analisa as condi\u00e7\u00f5es e necessidades de cada pessoa ou fam\u00edlia. O per\u00edodo de utiliza\u00e7\u00e3o \u00e9 acordado consoante as necessidades identificadas.<\/p><p>Esta iniciativa inclui sempre o\u00a0<strong>acompanhamento da equipa<\/strong>\u00a0e n\u00e3o configura uma doa\u00e7\u00e3o definitiva. O princ\u00edpio base \u00e9 a\u00a0<strong>reutiliza\u00e7\u00e3o dos bens<\/strong>, pelo que se espera que estes regressem ao Banco de Recursos quando deixarem de ser necess\u00e1rios.<\/p><p><strong>Materiais dispon\u00edveis:<\/strong><\/p><ul><li><p>Camas articuladas;<\/p><\/li><li><p>Cadeiras de banho e cadeiras de WC;<\/p><\/li><li><p>Cadeiras de rodas;<\/p><\/li><li><p>Andarilhos, bengalas e muletas;<\/p><\/li><li><p>Pedaleiras;<\/p><\/li><li><p>Material de estimula\u00e7\u00e3o f\u00edsica e cognitiva.<\/p><\/li><\/ul><p>Com este projeto, promovemos um envelhecimento mais digno e a solidariedade comunit\u00e1ria, garantindo que os recursos chegam a quem mais precisa, de forma respons\u00e1vel e sustent\u00e1vel.<\/p>\t\t\t\t\t\t\t\t<\/div>\n\t\t\t\t<\/div>\n\t\t\t\t\t<\/div>\n\t\t<\/div>\n\t\t\t\t<div class=\"elementor-column elementor-col-50 elementor-top-column elementor-element elementor-element-832c9dc\" data-id=\"832c9dc\" data-element_type=\"column\" data-e-type=\"column\">\n\t\t\t<div class=\"elementor-widget-wrap elementor-element-populated\">\n\t\t\t\t\t\t<div class=\"elementor-element elementor-element-0c05fec elementor-widget__width-initial elementor-widget elementor-widget-heading\" data-id=\"0c05fec\" data-element_type=\"widget\" data-e-type=\"widget\" data-widget_type=\"heading.default\">\n\t\t\t\t<div class=\"elementor-widget-container\">\n\t\t\t\t\t<h2 class=\"elementor-heading-title elementor-size-default\">Bens de apoio gratuitos para um envelhecimento digno e solid\u00e1rio.\n\n<\/h2>\t\t\t\t<\/div>\n\t\t\t\t<\/div>\n\t\t\t\t\t<\/div>\n\t\t<\/div>\n\t\t\t\t\t<\/div>\n\t\t<\/section>\n\t\t\t\t<section class=\"elementor-section elementor-top-section elementor-element elementor-element-aa26cae elementor-reverse-mobile elementor-section-boxed elementor-section-height-default elementor-section-height-default\" data-id=\"aa26cae\" data-element_type=\"section\" data-e-type=\"section\">\n\t\t\t\t\t\t<div class=\"elementor-container elementor-column-gap-no\">\n\t\t\t\t\t<div class=\"elementor-column elementor-col-50 elementor-top-column elementor-element elementor-element-50bfeb2\" data-id=\"50bfeb2\" data-element_type=\"column\" data-e-type=\"column\">\n\t\t\t<div class=\"elementor-widget-wrap elementor-element-populated\">\n\t\t\t\t\t\t<div class=\"elementor-element elementor-element-6f5ade6 elementor-widget__width-initial elementor-widget elementor-widget-button\" data-id=\"6f5ade6\" data-element_type=\"widget\" data-e-type=\"widget\" data-widget_type=\"button.default\">\n\t\t\t\t<div class=\"elementor-widget-container\">\n\t\t\t\t\t\t\t\t\t<div class=\"elementor-button-wrapper\">\n\t\t\t\t\t<a class=\"elementor-button elementor-button-link elementor-size-sm\" href=\"https:\/\/forms.gle\/z19E6i1iTDZZAHaD9\" target=\"_blank\">\n\t\t\t\t\t\t<span class=\"elementor-button-content-wrapper\">\n\t\t\t\t\t\t\t\t\t<span class=\"elementor-button-text\">Banco de Recursos<\/span>\n\t\t\t\t\t<\/span>\n\t\t\t\t\t<\/a>\n\t\t\t\t<\/div>\n\t\t\t\t\t\t\t\t<\/div>\n\t\t\t\t<\/div>\n\t\t\t\t\t<\/div>\n\t\t<\/div>\n\t\t\t\t<div class=\"elementor-column elementor-col-50 elementor-top-column elementor-element elementor-element-0026a72\" data-id=\"0026a72\" data-element_type=\"column\" data-e-type=\"column\">\n\t\t\t<div class=\"elementor-widget-wrap elementor-element-populated\">\n\t\t\t\t\t\t<div class=\"elementor-element elementor-element-8bfc9a9 elementor-widget__width-initial elementor-widget elementor-widget-heading\" data-id=\"8bfc9a9\" data-element_type=\"widget\" data-e-type=\"widget\" data-widget_type=\"heading.default\">\n\t\t\t\t<div class=\"elementor-widget-container\">\n\t\t\t\t\t<h2 class=\"elementor-heading-title elementor-size-default\">Preencha o \nnosso formul\u00e1rio\n\n<\/h2>\t\t\t\t<\/div>\n\t\t\t\t<\/div>\n\t\t\t\t\t<\/div>\n\t\t<\/div>\n\t\t\t\t\t<\/div>\n\t\t<\/section>\n\t\t<div class=\"elementor-element elementor-element-f1c9a5f e-flex e-con-boxed e-con e-parent\" data-id=\"f1c9a5f\" data-element_type=\"container\" data-e-type=\"container\">\n\t\t\t\t\t<div class=\"e-con-inner\">\n\t\t\t\t<div class=\"elementor-element elementor-element-8071cae elementor-widget elementor-widget-image\" data-id=\"8071cae\" data-element_type=\"widget\" data-e-type=\"widget\" data-widget_type=\"image.default\">\n\t\t\t\t<div class=\"elementor-widget-container\">\n\t\t\t\t\t\t\t\t\t<div class=\"elementor-image\">\n\t\t\t\t\t\t\t\t\t\t\t\t\t\t\t\t\t\t\t\t\t<img fetchpriority=\"high\" decoding=\"async\" width=\"1414\" height=\"2000\" src=\"https:\/\/adsccl.pt\/wp-content\/uploads\/2025\/05\/Copia-de-Catalogo-de-Produtos-rede-Cuidas-com-logo-.png\" class=\"attachment-full size-full wp-image-988180\" alt=\"\" srcset=\"https:\/\/adsccl.pt\/wp-content\/uploads\/2025\/05\/Copia-de-Catalogo-de-Produtos-rede-Cuidas-com-logo-.png 1414w, https:\/\/adsccl.pt\/wp-content\/uploads\/2025\/05\/Copia-de-Catalogo-de-Produtos-rede-Cuidas-com-logo--724x1024.png 724w, https:\/\/adsccl.pt\/wp-content\/uploads\/2025\/05\/Copia-de-Catalogo-de-Produtos-rede-Cuidas-com-logo--768x1086.png 768w, https:\/\/adsccl.pt\/wp-content\/uploads\/2025\/05\/Copia-de-Catalogo-de-Produtos-rede-Cuidas-com-logo--1086x1536.png 1086w\" sizes=\"(max-width: 1414px) 100vw, 1414px\" \/>\t\t\t\t\t\t\t\t\t\t\t\t\t\t\t\t\t\t\t\t\t\t\t\t<\/div>\n\t\t\t\t\t\t\t\t<\/div>\n\t\t\t\t<\/div>\n\t\t\t\t\t<\/div>\n\t\t\t\t<\/div>\n\t\t\t\t<\/div>\n\t\t","protected":false},"excerpt":{"rendered":"<p>Banco de Recursos dos Cinco Sentidos EnvelhecimentoDigno e Solid\u00e1rio O\u00a0Banco de Recursos dos Cinco Sentidos\u00a0\u00e9 um modelo alternativo, solid\u00e1rio e respons\u00e1vel, que oferece uma solu\u00e7\u00e3o \u00e0 compra de bens de apoio para um envelhecimento mais digno. Este projeto, de cariz solid\u00e1rio, disponibiliza bens gratuitamente, mas com um contrato associado que implica o cuidado com o&#8230;<\/p>\n","protected":false},"author":1,"featured_media":0,"parent":0,"menu_order":0,"comment_status":"closed","ping_status":"closed","template":"","meta":{"give_campaign_id":0,"footnotes":""},"class_list":["post-987827","page","type-page","status-publish","hentry"],"yoast_head":"<!-- This site is optimized with the Yoast SEO plugin v27.2 - https:\/\/yoast.com\/product\/yoast-seo-wordpress\/ -->\n<title>Banco de Recursos - ADSCCL<\/title>\n<meta name=\"robots\" content=\"index, follow, max-snippet:-1, max-image-preview:large, max-video-preview:-1\" \/>\n<link rel=\"canonical\" href=\"https:\/\/adsccl.pt\/index.php\/banco-de-recursos\/\" \/>\n<meta property=\"og:locale\" content=\"en_US\" \/>\n<meta property=\"og:type\" content=\"article\" \/>\n<meta property=\"og:title\" content=\"Banco de Recursos - ADSCCL\" \/>\n<meta property=\"og:description\" content=\"Banco de Recursos dos Cinco Sentidos EnvelhecimentoDigno e Solid\u00e1rio O\u00a0Banco de Recursos dos Cinco Sentidos\u00a0\u00e9 um modelo alternativo, solid\u00e1rio e respons\u00e1vel, que oferece uma solu\u00e7\u00e3o \u00e0 compra de bens de apoio para um envelhecimento mais digno. Este projeto, de cariz solid\u00e1rio, disponibiliza bens gratuitamente, mas com um contrato associado que implica o cuidado com o...\" \/>\n<meta property=\"og:url\" content=\"https:\/\/adsccl.pt\/index.php\/banco-de-recursos\/\" \/>\n<meta property=\"og:site_name\" content=\"ADSCCL\" \/>\n<meta property=\"article:modified_time\" content=\"2025-05-27T12:08:07+00:00\" \/>\n<meta property=\"og:image\" content=\"https:\/\/adsccl.pt\/wp-content\/uploads\/2025\/05\/Copia-de-Catalogo-de-Produtos-rede-Cuidas-com-logo-.png\" \/>\n\t<meta property=\"og:image:width\" content=\"1414\" \/>\n\t<meta property=\"og:image:height\" content=\"2000\" \/>\n\t<meta property=\"og:image:type\" content=\"image\/png\" \/>\n<meta name=\"twitter:card\" content=\"summary_large_image\" \/>\n<meta name=\"twitter:label1\" content=\"Est. reading time\" \/>\n\t<meta name=\"twitter:data1\" content=\"2 minutes\" \/>\n<script type=\"application\/ld+json\" class=\"yoast-schema-graph\">{\"@context\":\"https:\/\/schema.org\",\"@graph\":[{\"@type\":\"WebPage\",\"@id\":\"https:\/\/adsccl.pt\/index.php\/banco-de-recursos\/\",\"url\":\"https:\/\/adsccl.pt\/index.php\/banco-de-recursos\/\",\"name\":\"Banco de Recursos - ADSCCL\",\"isPartOf\":{\"@id\":\"https:\/\/adsccl.pt\/#website\"},\"primaryImageOfPage\":{\"@id\":\"https:\/\/adsccl.pt\/index.php\/banco-de-recursos\/#primaryimage\"},\"image\":{\"@id\":\"https:\/\/adsccl.pt\/index.php\/banco-de-recursos\/#primaryimage\"},\"thumbnailUrl\":\"https:\/\/adsccl.pt\/wp-content\/uploads\/2025\/05\/Copia-de-Catalogo-de-Produtos-rede-Cuidas-com-logo-.png\",\"datePublished\":\"2025-02-13T14:31:56+00:00\",\"dateModified\":\"2025-05-27T12:08:07+00:00\",\"breadcrumb\":{\"@id\":\"https:\/\/adsccl.pt\/index.php\/banco-de-recursos\/#breadcrumb\"},\"inLanguage\":\"en-US\",\"potentialAction\":[{\"@type\":\"ReadAction\",\"target\":[\"https:\/\/adsccl.pt\/index.php\/banco-de-recursos\/\"]}]},{\"@type\":\"ImageObject\",\"inLanguage\":\"en-US\",\"@id\":\"https:\/\/adsccl.pt\/index.php\/banco-de-recursos\/#primaryimage\",\"url\":\"https:\/\/adsccl.pt\/wp-content\/uploads\/2025\/05\/Copia-de-Catalogo-de-Produtos-rede-Cuidas-com-logo-.png\",\"contentUrl\":\"https:\/\/adsccl.pt\/wp-content\/uploads\/2025\/05\/Copia-de-Catalogo-de-Produtos-rede-Cuidas-com-logo-.png\",\"width\":1414,\"height\":2000},{\"@type\":\"BreadcrumbList\",\"@id\":\"https:\/\/adsccl.pt\/index.php\/banco-de-recursos\/#breadcrumb\",\"itemListElement\":[{\"@type\":\"ListItem\",\"position\":1,\"name\":\"Home\",\"item\":\"https:\/\/adsccl.pt\/\"},{\"@type\":\"ListItem\",\"position\":2,\"name\":\"Banco de Recursos\"}]},{\"@type\":\"WebSite\",\"@id\":\"https:\/\/adsccl.pt\/#website\",\"url\":\"https:\/\/adsccl.pt\/\",\"name\":\"ADSCCL\",\"description\":\"INSPIRA\u00c7\u00c3O PARA UM MUNDO MELHOR\",\"publisher\":{\"@id\":\"https:\/\/adsccl.pt\/#organization\"},\"potentialAction\":[{\"@type\":\"SearchAction\",\"target\":{\"@type\":\"EntryPoint\",\"urlTemplate\":\"https:\/\/adsccl.pt\/?s={search_term_string}\"},\"query-input\":{\"@type\":\"PropertyValueSpecification\",\"valueRequired\":true,\"valueName\":\"search_term_string\"}}],\"inLanguage\":\"en-US\"},{\"@type\":\"Organization\",\"@id\":\"https:\/\/adsccl.pt\/#organization\",\"name\":\"ADSCCL\",\"url\":\"https:\/\/adsccl.pt\/\",\"logo\":{\"@type\":\"ImageObject\",\"inLanguage\":\"en-US\",\"@id\":\"https:\/\/adsccl.pt\/#\/schema\/logo\/image\/\",\"url\":\"https:\/\/adsccl.pt\/wp-content\/uploads\/2020\/04\/lOGO_adsCCL-2.png\",\"contentUrl\":\"https:\/\/adsccl.pt\/wp-content\/uploads\/2020\/04\/lOGO_adsCCL-2.png\",\"width\":1679,\"height\":540,\"caption\":\"ADSCCL\"},\"image\":{\"@id\":\"https:\/\/adsccl.pt\/#\/schema\/logo\/image\/\"}}]}<\/script>\n<!-- \/ Yoast SEO plugin. -->","yoast_head_json":{"title":"Banco de Recursos - ADSCCL","robots":{"index":"index","follow":"follow","max-snippet":"max-snippet:-1","max-image-preview":"max-image-preview:large","max-video-preview":"max-video-preview:-1"},"canonical":"https:\/\/adsccl.pt\/index.php\/banco-de-recursos\/","og_locale":"en_US","og_type":"article","og_title":"Banco de Recursos - ADSCCL","og_description":"Banco de Recursos dos Cinco Sentidos EnvelhecimentoDigno e Solid\u00e1rio O\u00a0Banco de Recursos dos Cinco Sentidos\u00a0\u00e9 um modelo alternativo, solid\u00e1rio e respons\u00e1vel, que oferece uma solu\u00e7\u00e3o \u00e0 compra de bens de apoio para um envelhecimento mais digno. Este projeto, de cariz solid\u00e1rio, disponibiliza bens gratuitamente, mas com um contrato associado que implica o cuidado com o...","og_url":"https:\/\/adsccl.pt\/index.php\/banco-de-recursos\/","og_site_name":"ADSCCL","article_modified_time":"2025-05-27T12:08:07+00:00","og_image":[{"width":1414,"height":2000,"url":"https:\/\/adsccl.pt\/wp-content\/uploads\/2025\/05\/Copia-de-Catalogo-de-Produtos-rede-Cuidas-com-logo-.png","type":"image\/png"}],"twitter_card":"summary_large_image","twitter_misc":{"Est. reading time":"2 minutes"},"schema":{"@context":"https:\/\/schema.org","@graph":[{"@type":"WebPage","@id":"https:\/\/adsccl.pt\/index.php\/banco-de-recursos\/","url":"https:\/\/adsccl.pt\/index.php\/banco-de-recursos\/","name":"Banco de Recursos - ADSCCL","isPartOf":{"@id":"https:\/\/adsccl.pt\/#website"},"primaryImageOfPage":{"@id":"https:\/\/adsccl.pt\/index.php\/banco-de-recursos\/#primaryimage"},"image":{"@id":"https:\/\/adsccl.pt\/index.php\/banco-de-recursos\/#primaryimage"},"thumbnailUrl":"https:\/\/adsccl.pt\/wp-content\/uploads\/2025\/05\/Copia-de-Catalogo-de-Produtos-rede-Cuidas-com-logo-.png","datePublished":"2025-02-13T14:31:56+00:00","dateModified":"2025-05-27T12:08:07+00:00","breadcrumb":{"@id":"https:\/\/adsccl.pt\/index.php\/banco-de-recursos\/#breadcrumb"},"inLanguage":"en-US","potentialAction":[{"@type":"ReadAction","target":["https:\/\/adsccl.pt\/index.php\/banco-de-recursos\/"]}]},{"@type":"ImageObject","inLanguage":"en-US","@id":"https:\/\/adsccl.pt\/index.php\/banco-de-recursos\/#primaryimage","url":"https:\/\/adsccl.pt\/wp-content\/uploads\/2025\/05\/Copia-de-Catalogo-de-Produtos-rede-Cuidas-com-logo-.png","contentUrl":"https:\/\/adsccl.pt\/wp-content\/uploads\/2025\/05\/Copia-de-Catalogo-de-Produtos-rede-Cuidas-com-logo-.png","width":1414,"height":2000},{"@type":"BreadcrumbList","@id":"https:\/\/adsccl.pt\/index.php\/banco-de-recursos\/#breadcrumb","itemListElement":[{"@type":"ListItem","position":1,"name":"Home","item":"https:\/\/adsccl.pt\/"},{"@type":"ListItem","position":2,"name":"Banco de Recursos"}]},{"@type":"WebSite","@id":"https:\/\/adsccl.pt\/#website","url":"https:\/\/adsccl.pt\/","name":"ADSCCL","description":"INSPIRA\u00c7\u00c3O PARA UM MUNDO MELHOR","publisher":{"@id":"https:\/\/adsccl.pt\/#organization"},"potentialAction":[{"@type":"SearchAction","target":{"@type":"EntryPoint","urlTemplate":"https:\/\/adsccl.pt\/?s={search_term_string}"},"query-input":{"@type":"PropertyValueSpecification","valueRequired":true,"valueName":"search_term_string"}}],"inLanguage":"en-US"},{"@type":"Organization","@id":"https:\/\/adsccl.pt\/#organization","name":"ADSCCL","url":"https:\/\/adsccl.pt\/","logo":{"@type":"ImageObject","inLanguage":"en-US","@id":"https:\/\/adsccl.pt\/#\/schema\/logo\/image\/","url":"https:\/\/adsccl.pt\/wp-content\/uploads\/2020\/04\/lOGO_adsCCL-2.png","contentUrl":"https:\/\/adsccl.pt\/wp-content\/uploads\/2020\/04\/lOGO_adsCCL-2.png","width":1679,"height":540,"caption":"ADSCCL"},"image":{"@id":"https:\/\/adsccl.pt\/#\/schema\/logo\/image\/"}}]}},"campaignId":"","_links":{"self":[{"href":"https:\/\/adsccl.pt\/index.php\/wp-json\/wp\/v2\/pages\/987827","targetHints":{"allow":["GET"]}}],"collection":[{"href":"https:\/\/adsccl.pt\/index.php\/wp-json\/wp\/v2\/pages"}],"about":[{"href":"https:\/\/adsccl.pt\/index.php\/wp-json\/wp\/v2\/types\/page"}],"author":[{"embeddable":true,"href":"https:\/\/adsccl.pt\/index.php\/wp-json\/wp\/v2\/users\/1"}],"replies":[{"embeddable":true,"href":"https:\/\/adsccl.pt\/index.php\/wp-json\/wp\/v2\/comments?post=987827"}],"version-history":[{"count":14,"href":"https:\/\/adsccl.pt\/index.php\/wp-json\/wp\/v2\/pages\/987827\/revisions"}],"predecessor-version":[{"id":988189,"href":"https:\/\/adsccl.pt\/index.php\/wp-json\/wp\/v2\/pages\/987827\/revisions\/988189"}],"wp:attachment":[{"href":"https:\/\/adsccl.pt\/index.php\/wp-json\/wp\/v2\/media?parent=987827"}],"curies":[{"name":"wp","href":"https:\/\/api.w.org\/{rel}","templated":true}]}}