{"id":987836,"date":"2025-02-13T14:54:25","date_gmt":"2025-02-13T14:54:25","guid":{"rendered":"https:\/\/adsccl.pt\/?page_id=987836"},"modified":"2025-02-13T14:55:28","modified_gmt":"2025-02-13T14:55:28","slug":"minibiblioteca","status":"publish","type":"page","link":"https:\/\/adsccl.pt\/index.php\/minibiblioteca\/","title":{"rendered":"Minibiblioteca"},"content":{"rendered":"\t\t<div data-elementor-type=\"wp-page\" data-elementor-id=\"987836\" class=\"elementor elementor-987836\" data-elementor-post-type=\"page\">\n\t\t\t\t\t\t<section class=\"elementor-section elementor-top-section elementor-element elementor-element-fccdb9c elementor-section-full_width elementor-section-height-min-height animated-fast elementor-section-height-default elementor-section-items-middle elementor-invisible\" data-id=\"fccdb9c\" data-element_type=\"section\" data-e-type=\"section\" data-settings=\"{&quot;background_background&quot;:&quot;classic&quot;,&quot;animation&quot;:&quot;fadeIn&quot;,&quot;animation_tablet&quot;:&quot;none&quot;}\">\n\t\t\t\t\t\t\t<div class=\"elementor-background-overlay\"><\/div>\n\t\t\t\t\t\t\t<div class=\"elementor-container elementor-column-gap-no\">\n\t\t\t\t\t<div class=\"elementor-column elementor-col-100 elementor-top-column elementor-element elementor-element-fe2ea30\" data-id=\"fe2ea30\" data-element_type=\"column\" data-e-type=\"column\">\n\t\t\t<div class=\"elementor-widget-wrap\">\n\t\t\t\t\t\t\t<\/div>\n\t\t<\/div>\n\t\t\t\t\t<\/div>\n\t\t<\/section>\n\t\t\t\t<section class=\"elementor-section elementor-top-section elementor-element elementor-element-bf720bf elementor-section-boxed elementor-section-height-default elementor-section-height-default\" data-id=\"bf720bf\" data-element_type=\"section\" data-e-type=\"section\">\n\t\t\t\t\t\t<div class=\"elementor-container elementor-column-gap-no\">\n\t\t\t\t\t<div class=\"elementor-column elementor-col-50 elementor-top-column elementor-element elementor-element-d5a9aba\" data-id=\"d5a9aba\" data-element_type=\"column\" data-e-type=\"column\" data-settings=\"{&quot;motion_fx_motion_fx_scrolling&quot;:&quot;yes&quot;,&quot;motion_fx_translateY_effect&quot;:&quot;yes&quot;,&quot;motion_fx_translateY_speed&quot;:{&quot;unit&quot;:&quot;px&quot;,&quot;size&quot;:1,&quot;sizes&quot;:[]},&quot;motion_fx_devices&quot;:[&quot;desktop&quot;],&quot;motion_fx_translateY_affectedRange&quot;:{&quot;unit&quot;:&quot;%&quot;,&quot;size&quot;:&quot;&quot;,&quot;sizes&quot;:{&quot;start&quot;:0,&quot;end&quot;:100}}}\">\n\t\t\t<div class=\"elementor-widget-wrap elementor-element-populated\">\n\t\t\t\t\t\t<div class=\"elementor-element elementor-element-a6afcb9 elementor-widget elementor-widget-heading\" data-id=\"a6afcb9\" data-element_type=\"widget\" data-e-type=\"widget\" data-widget_type=\"heading.default\">\n\t\t\t\t<div class=\"elementor-widget-container\">\n\t\t\t\t\t<h4 class=\"elementor-heading-title elementor-size-default\">Minibiblioteca<\/h4>\t\t\t\t<\/div>\n\t\t\t\t<\/div>\n\t\t\t\t<div class=\"elementor-element elementor-element-1fa740f elementor-widget__width-auto elementor-widget-tablet__width-auto elementor-widget-mobile__width-inherit vamtam-align-left elementor-widget elementor-widget-heading\" data-id=\"1fa740f\" data-element_type=\"widget\" data-e-type=\"widget\" data-widget_type=\"heading.heading_caridad\">\n\t\t\t\t<div class=\"elementor-widget-container\">\n\t\t\t\t\t<h1 class='vamtam-heading-wrapper'><div class=\"elementor-heading-title\">Recursos para<\/div><div class=\"elementor-heading-title\">a Comunidade<\/div><\/h1>\t\t\t\t<\/div>\n\t\t\t\t<\/div>\n\t\t\t\t\t<\/div>\n\t\t<\/div>\n\t\t\t\t<div class=\"elementor-column elementor-col-50 elementor-top-column elementor-element elementor-element-47d4113 elementor-hidden-desktop elementor-hidden-tablet elementor-hidden-phone\" data-id=\"47d4113\" data-element_type=\"column\" data-e-type=\"column\">\n\t\t\t<div class=\"elementor-widget-wrap\">\n\t\t\t\t\t\t\t<\/div>\n\t\t<\/div>\n\t\t\t\t\t<\/div>\n\t\t<\/section>\n\t\t\t\t<section class=\"elementor-section elementor-top-section elementor-element elementor-element-aef85cc elementor-reverse-mobile elementor-section-boxed elementor-section-height-default elementor-section-height-default\" data-id=\"aef85cc\" data-element_type=\"section\" data-e-type=\"section\">\n\t\t\t\t\t\t<div class=\"elementor-container elementor-column-gap-no\">\n\t\t\t\t\t<div class=\"elementor-column elementor-col-50 elementor-top-column elementor-element elementor-element-89f8239\" data-id=\"89f8239\" data-element_type=\"column\" data-e-type=\"column\">\n\t\t\t<div class=\"elementor-widget-wrap elementor-element-populated\">\n\t\t\t\t\t\t<div class=\"elementor-element elementor-element-ec7d939 elementor-widget__width-initial elementor-widget-mobile__width-initial elementor-widget-tablet__width-initial elementor-widget elementor-widget-text-editor\" data-id=\"ec7d939\" data-element_type=\"widget\" data-e-type=\"widget\" data-widget_type=\"text-editor.default\">\n\t\t\t\t<div class=\"elementor-widget-container\">\n\t\t\t\t\t\t\t\t\t<p>A Minibiblioteca dos Cinco Lugares, financiada pela Funda\u00e7\u00e3o Calouste Gulbenkian em 2011, \u00e9 um espa\u00e7o dedicado \u00e0 promo\u00e7\u00e3o da literacia e ao acesso \u00e0 cultura, oferecendo um acervo diversificado para todos os p\u00fablicos. Ao longo dos anos, a Associa\u00e7\u00e3o respons\u00e1vel por este projeto foi tamb\u00e9m adquirindo materiais l\u00fadicos, que deram origem \u00e0 Ludoteca dos Cinco Sentidos. Esta ludoteca tem como objetivo estimular os sentidos e a criatividade, promovendo o bem-estar e a intera\u00e7\u00e3o social atrav\u00e9s de jogos, brinquedos e atividades l\u00fadicas.<\/p><p>Ambos os recursos \u2014 a Minibiblioteca e a Ludoteca \u2014 est\u00e3o dispon\u00edveis para empr\u00e9stimo ou aluguer, permitindo que a comunidade usufrua destes materiais de forma pr\u00e1tica e acess\u00edvel. A circula\u00e7\u00e3o destes recursos entre as pessoas n\u00e3o s\u00f3 facilita o acesso \u00e0 cultura e ao lazer, mas tamb\u00e9m contribui para a promo\u00e7\u00e3o da literacia funcional, da ludoterapia e do combate \u00e0 solid\u00e3o.<\/p><p>Estes projetos visam ainda fomentar um envelhecimento ativo e feliz, proporcionando atividades que estimulam a mente, o corpo e as emo\u00e7\u00f5es. Acreditamos que, ao aproximar estes recursos da popula\u00e7\u00e3o-alvo, estamos a criar oportunidades para a partilha, a aprendizagem e a conviv\u00eancia, elementos essenciais para uma vida mais saud\u00e1vel e integrada.<\/p><p>A Minibiblioteca dos Cinco Lugares e a Ludoteca dos Cinco Sentidos s\u00e3o, assim, mais do que espa\u00e7os de acesso a livros e jogos \u2014 s\u00e3o ferramentas de transforma\u00e7\u00e3o social, que promovem a inclus\u00e3o, o bem-estar e a qualidade de vida para todas as idades.<\/p>\t\t\t\t\t\t\t\t<\/div>\n\t\t\t\t<\/div>\n\t\t\t\t\t<\/div>\n\t\t<\/div>\n\t\t\t\t<div class=\"elementor-column elementor-col-50 elementor-top-column elementor-element elementor-element-832c9dc\" data-id=\"832c9dc\" data-element_type=\"column\" data-e-type=\"column\">\n\t\t\t<div class=\"elementor-widget-wrap elementor-element-populated\">\n\t\t\t\t\t\t<div class=\"elementor-element elementor-element-0c05fec elementor-widget elementor-widget-heading\" data-id=\"0c05fec\" data-element_type=\"widget\" data-e-type=\"widget\" data-widget_type=\"heading.default\">\n\t\t\t\t<div class=\"elementor-widget-container\">\n\t\t\t\t\t<h2 class=\"elementor-heading-title elementor-size-default\">Literacia, <br>Bem-Estar e Envelhecimento Ativo atrav\u00e9s da Partilha\n\n<\/h2>\t\t\t\t<\/div>\n\t\t\t\t<\/div>\n\t\t\t\t\t<\/div>\n\t\t<\/div>\n\t\t\t\t\t<\/div>\n\t\t<\/section>\n\t\t\t\t<\/div>\n\t\t","protected":false},"excerpt":{"rendered":"<p>Minibiblioteca Recursos paraa Comunidade A Minibiblioteca dos Cinco Lugares, financiada pela Funda\u00e7\u00e3o Calouste Gulbenkian em 2011, \u00e9 um espa\u00e7o dedicado \u00e0 promo\u00e7\u00e3o da literacia e ao acesso \u00e0 cultura, oferecendo um acervo diversificado para todos os p\u00fablicos. Ao longo dos anos, a Associa\u00e7\u00e3o respons\u00e1vel por este projeto foi tamb\u00e9m adquirindo materiais l\u00fadicos, que deram origem&#8230;<\/p>\n","protected":false},"author":1,"featured_media":0,"parent":0,"menu_order":0,"comment_status":"closed","ping_status":"closed","template":"","meta":{"give_campaign_id":0,"footnotes":""},"class_list":["post-987836","page","type-page","status-publish","hentry"],"yoast_head":"<!-- This site is optimized with the Yoast SEO plugin v27.2 - https:\/\/yoast.com\/product\/yoast-seo-wordpress\/ -->\n<title>Minibiblioteca - ADSCCL<\/title>\n<meta name=\"robots\" content=\"index, follow, max-snippet:-1, max-image-preview:large, max-video-preview:-1\" \/>\n<link rel=\"canonical\" href=\"https:\/\/adsccl.pt\/index.php\/minibiblioteca\/\" \/>\n<meta property=\"og:locale\" content=\"en_US\" \/>\n<meta property=\"og:type\" content=\"article\" \/>\n<meta property=\"og:title\" content=\"Minibiblioteca - ADSCCL\" \/>\n<meta property=\"og:description\" content=\"Minibiblioteca Recursos paraa Comunidade A Minibiblioteca dos Cinco Lugares, financiada pela Funda\u00e7\u00e3o Calouste Gulbenkian em 2011, \u00e9 um espa\u00e7o dedicado \u00e0 promo\u00e7\u00e3o da literacia e ao acesso \u00e0 cultura, oferecendo um acervo diversificado para todos os p\u00fablicos. Ao longo dos anos, a Associa\u00e7\u00e3o respons\u00e1vel por este projeto foi tamb\u00e9m adquirindo materiais l\u00fadicos, que deram origem...\" \/>\n<meta property=\"og:url\" content=\"https:\/\/adsccl.pt\/index.php\/minibiblioteca\/\" \/>\n<meta property=\"og:site_name\" content=\"ADSCCL\" \/>\n<meta property=\"article:modified_time\" content=\"2025-02-13T14:55:28+00:00\" \/>\n<meta name=\"twitter:card\" content=\"summary_large_image\" \/>\n<meta name=\"twitter:label1\" content=\"Est. reading time\" \/>\n\t<meta name=\"twitter:data1\" content=\"2 minutes\" \/>\n<script type=\"application\/ld+json\" class=\"yoast-schema-graph\">{\"@context\":\"https:\/\/schema.org\",\"@graph\":[{\"@type\":\"WebPage\",\"@id\":\"https:\/\/adsccl.pt\/index.php\/minibiblioteca\/\",\"url\":\"https:\/\/adsccl.pt\/index.php\/minibiblioteca\/\",\"name\":\"Minibiblioteca - ADSCCL\",\"isPartOf\":{\"@id\":\"https:\/\/adsccl.pt\/#website\"},\"datePublished\":\"2025-02-13T14:54:25+00:00\",\"dateModified\":\"2025-02-13T14:55:28+00:00\",\"breadcrumb\":{\"@id\":\"https:\/\/adsccl.pt\/index.php\/minibiblioteca\/#breadcrumb\"},\"inLanguage\":\"en-US\",\"potentialAction\":[{\"@type\":\"ReadAction\",\"target\":[\"https:\/\/adsccl.pt\/index.php\/minibiblioteca\/\"]}]},{\"@type\":\"BreadcrumbList\",\"@id\":\"https:\/\/adsccl.pt\/index.php\/minibiblioteca\/#breadcrumb\",\"itemListElement\":[{\"@type\":\"ListItem\",\"position\":1,\"name\":\"Home\",\"item\":\"https:\/\/adsccl.pt\/\"},{\"@type\":\"ListItem\",\"position\":2,\"name\":\"Minibiblioteca\"}]},{\"@type\":\"WebSite\",\"@id\":\"https:\/\/adsccl.pt\/#website\",\"url\":\"https:\/\/adsccl.pt\/\",\"name\":\"ADSCCL\",\"description\":\"INSPIRA\u00c7\u00c3O PARA UM MUNDO MELHOR\",\"publisher\":{\"@id\":\"https:\/\/adsccl.pt\/#organization\"},\"potentialAction\":[{\"@type\":\"SearchAction\",\"target\":{\"@type\":\"EntryPoint\",\"urlTemplate\":\"https:\/\/adsccl.pt\/?s={search_term_string}\"},\"query-input\":{\"@type\":\"PropertyValueSpecification\",\"valueRequired\":true,\"valueName\":\"search_term_string\"}}],\"inLanguage\":\"en-US\"},{\"@type\":\"Organization\",\"@id\":\"https:\/\/adsccl.pt\/#organization\",\"name\":\"ADSCCL\",\"url\":\"https:\/\/adsccl.pt\/\",\"logo\":{\"@type\":\"ImageObject\",\"inLanguage\":\"en-US\",\"@id\":\"https:\/\/adsccl.pt\/#\/schema\/logo\/image\/\",\"url\":\"https:\/\/adsccl.pt\/wp-content\/uploads\/2020\/04\/lOGO_adsCCL-2.png\",\"contentUrl\":\"https:\/\/adsccl.pt\/wp-content\/uploads\/2020\/04\/lOGO_adsCCL-2.png\",\"width\":1679,\"height\":540,\"caption\":\"ADSCCL\"},\"image\":{\"@id\":\"https:\/\/adsccl.pt\/#\/schema\/logo\/image\/\"}}]}<\/script>\n<!-- \/ Yoast SEO plugin. -->","yoast_head_json":{"title":"Minibiblioteca - ADSCCL","robots":{"index":"index","follow":"follow","max-snippet":"max-snippet:-1","max-image-preview":"max-image-preview:large","max-video-preview":"max-video-preview:-1"},"canonical":"https:\/\/adsccl.pt\/index.php\/minibiblioteca\/","og_locale":"en_US","og_type":"article","og_title":"Minibiblioteca - ADSCCL","og_description":"Minibiblioteca Recursos paraa Comunidade A Minibiblioteca dos Cinco Lugares, financiada pela Funda\u00e7\u00e3o Calouste Gulbenkian em 2011, \u00e9 um espa\u00e7o dedicado \u00e0 promo\u00e7\u00e3o da literacia e ao acesso \u00e0 cultura, oferecendo um acervo diversificado para todos os p\u00fablicos. Ao longo dos anos, a Associa\u00e7\u00e3o respons\u00e1vel por este projeto foi tamb\u00e9m adquirindo materiais l\u00fadicos, que deram origem...","og_url":"https:\/\/adsccl.pt\/index.php\/minibiblioteca\/","og_site_name":"ADSCCL","article_modified_time":"2025-02-13T14:55:28+00:00","twitter_card":"summary_large_image","twitter_misc":{"Est. reading time":"2 minutes"},"schema":{"@context":"https:\/\/schema.org","@graph":[{"@type":"WebPage","@id":"https:\/\/adsccl.pt\/index.php\/minibiblioteca\/","url":"https:\/\/adsccl.pt\/index.php\/minibiblioteca\/","name":"Minibiblioteca - ADSCCL","isPartOf":{"@id":"https:\/\/adsccl.pt\/#website"},"datePublished":"2025-02-13T14:54:25+00:00","dateModified":"2025-02-13T14:55:28+00:00","breadcrumb":{"@id":"https:\/\/adsccl.pt\/index.php\/minibiblioteca\/#breadcrumb"},"inLanguage":"en-US","potentialAction":[{"@type":"ReadAction","target":["https:\/\/adsccl.pt\/index.php\/minibiblioteca\/"]}]},{"@type":"BreadcrumbList","@id":"https:\/\/adsccl.pt\/index.php\/minibiblioteca\/#breadcrumb","itemListElement":[{"@type":"ListItem","position":1,"name":"Home","item":"https:\/\/adsccl.pt\/"},{"@type":"ListItem","position":2,"name":"Minibiblioteca"}]},{"@type":"WebSite","@id":"https:\/\/adsccl.pt\/#website","url":"https:\/\/adsccl.pt\/","name":"ADSCCL","description":"INSPIRA\u00c7\u00c3O PARA UM MUNDO MELHOR","publisher":{"@id":"https:\/\/adsccl.pt\/#organization"},"potentialAction":[{"@type":"SearchAction","target":{"@type":"EntryPoint","urlTemplate":"https:\/\/adsccl.pt\/?s={search_term_string}"},"query-input":{"@type":"PropertyValueSpecification","valueRequired":true,"valueName":"search_term_string"}}],"inLanguage":"en-US"},{"@type":"Organization","@id":"https:\/\/adsccl.pt\/#organization","name":"ADSCCL","url":"https:\/\/adsccl.pt\/","logo":{"@type":"ImageObject","inLanguage":"en-US","@id":"https:\/\/adsccl.pt\/#\/schema\/logo\/image\/","url":"https:\/\/adsccl.pt\/wp-content\/uploads\/2020\/04\/lOGO_adsCCL-2.png","contentUrl":"https:\/\/adsccl.pt\/wp-content\/uploads\/2020\/04\/lOGO_adsCCL-2.png","width":1679,"height":540,"caption":"ADSCCL"},"image":{"@id":"https:\/\/adsccl.pt\/#\/schema\/logo\/image\/"}}]}},"campaignId":"","_links":{"self":[{"href":"https:\/\/adsccl.pt\/index.php\/wp-json\/wp\/v2\/pages\/987836","targetHints":{"allow":["GET"]}}],"collection":[{"href":"https:\/\/adsccl.pt\/index.php\/wp-json\/wp\/v2\/pages"}],"about":[{"href":"https:\/\/adsccl.pt\/index.php\/wp-json\/wp\/v2\/types\/page"}],"author":[{"embeddable":true,"href":"https:\/\/adsccl.pt\/index.php\/wp-json\/wp\/v2\/users\/1"}],"replies":[{"embeddable":true,"href":"https:\/\/adsccl.pt\/index.php\/wp-json\/wp\/v2\/comments?post=987836"}],"version-history":[{"count":7,"href":"https:\/\/adsccl.pt\/index.php\/wp-json\/wp\/v2\/pages\/987836\/revisions"}],"predecessor-version":[{"id":987846,"href":"https:\/\/adsccl.pt\/index.php\/wp-json\/wp\/v2\/pages\/987836\/revisions\/987846"}],"wp:attachment":[{"href":"https:\/\/adsccl.pt\/index.php\/wp-json\/wp\/v2\/media?parent=987836"}],"curies":[{"name":"wp","href":"https:\/\/api.w.org\/{rel}","templated":true}]}}