{"id":987985,"date":"2025-03-06T10:03:06","date_gmt":"2025-03-06T10:03:06","guid":{"rendered":"https:\/\/adsccl.pt\/?page_id=987985"},"modified":"2025-05-27T13:28:50","modified_gmt":"2025-05-27T13:28:50","slug":"pessoas-2030-distribuicao-directa-e-cartao-social","status":"publish","type":"page","link":"https:\/\/adsccl.pt\/index.php\/pessoas-2030-distribuicao-directa-e-cartao-social\/","title":{"rendered":"Pessoas 2030 &#8211; Distribui\u00e7\u00e3o Directa e Cart\u00e3o Social"},"content":{"rendered":"\t\t<div data-elementor-type=\"wp-page\" data-elementor-id=\"987985\" class=\"elementor elementor-987985\" data-elementor-post-type=\"page\">\n\t\t\t\t\t\t<section class=\"elementor-section elementor-top-section elementor-element elementor-element-fccdb9c elementor-section-full_width elementor-section-height-min-height animated-fast elementor-section-height-default elementor-section-items-middle elementor-invisible\" data-id=\"fccdb9c\" data-element_type=\"section\" data-e-type=\"section\" data-settings=\"{&quot;background_background&quot;:&quot;classic&quot;,&quot;animation&quot;:&quot;fadeIn&quot;,&quot;animation_tablet&quot;:&quot;none&quot;}\">\n\t\t\t\t\t\t\t<div class=\"elementor-background-overlay\"><\/div>\n\t\t\t\t\t\t\t<div class=\"elementor-container elementor-column-gap-no\">\n\t\t\t\t\t<div class=\"elementor-column elementor-col-100 elementor-top-column elementor-element elementor-element-fe2ea30\" data-id=\"fe2ea30\" data-element_type=\"column\" data-e-type=\"column\">\n\t\t\t<div class=\"elementor-widget-wrap\">\n\t\t\t\t\t\t\t<\/div>\n\t\t<\/div>\n\t\t\t\t\t<\/div>\n\t\t<\/section>\n\t\t\t\t<section class=\"elementor-section elementor-top-section elementor-element elementor-element-bf720bf elementor-section-boxed elementor-section-height-default elementor-section-height-default\" data-id=\"bf720bf\" data-element_type=\"section\" data-e-type=\"section\">\n\t\t\t\t\t\t<div class=\"elementor-container elementor-column-gap-no\">\n\t\t\t\t\t<div class=\"elementor-column elementor-col-50 elementor-top-column elementor-element elementor-element-d5a9aba\" data-id=\"d5a9aba\" data-element_type=\"column\" data-e-type=\"column\" data-settings=\"{&quot;motion_fx_motion_fx_scrolling&quot;:&quot;yes&quot;,&quot;motion_fx_translateY_effect&quot;:&quot;yes&quot;,&quot;motion_fx_translateY_speed&quot;:{&quot;unit&quot;:&quot;px&quot;,&quot;size&quot;:1,&quot;sizes&quot;:[]},&quot;motion_fx_devices&quot;:[&quot;desktop&quot;],&quot;motion_fx_translateY_affectedRange&quot;:{&quot;unit&quot;:&quot;%&quot;,&quot;size&quot;:&quot;&quot;,&quot;sizes&quot;:{&quot;start&quot;:0,&quot;end&quot;:100}}}\">\n\t\t\t<div class=\"elementor-widget-wrap elementor-element-populated\">\n\t\t\t\t\t\t<div class=\"elementor-element elementor-element-a6afcb9 elementor-widget elementor-widget-heading\" data-id=\"a6afcb9\" data-element_type=\"widget\" data-e-type=\"widget\" data-widget_type=\"heading.default\">\n\t\t\t\t<div class=\"elementor-widget-container\">\n\t\t\t\t\t<h4 class=\"elementor-heading-title elementor-size-default\">Pessoas 2030<\/h4>\t\t\t\t<\/div>\n\t\t\t\t<\/div>\n\t\t\t\t<div class=\"elementor-element elementor-element-1fa740f elementor-widget__width-initial elementor-widget-tablet__width-auto elementor-widget-mobile__width-inherit vamtam-align-left elementor-widget elementor-widget-heading\" data-id=\"1fa740f\" data-element_type=\"widget\" data-e-type=\"widget\" data-widget_type=\"heading.heading_caridad\">\n\t\t\t\t<div class=\"elementor-widget-container\">\n\t\t\t\t\t<h1 class='vamtam-heading-wrapper'><div class=\"elementor-heading-title\">Distribui\u00e7\u00e3o Directa<\/div><div class=\"elementor-heading-title\">e Cart\u00e3o Social<\/div><div class=\"elementor-heading-title\">Eletr\u00f3nico<\/div><\/h1>\t\t\t\t<\/div>\n\t\t\t\t<\/div>\n\t\t\t\t\t<\/div>\n\t\t<\/div>\n\t\t\t\t<div class=\"elementor-column elementor-col-50 elementor-top-column elementor-element elementor-element-47d4113 elementor-hidden-desktop elementor-hidden-tablet elementor-hidden-phone\" data-id=\"47d4113\" data-element_type=\"column\" data-e-type=\"column\">\n\t\t\t<div class=\"elementor-widget-wrap\">\n\t\t\t\t\t\t\t<\/div>\n\t\t<\/div>\n\t\t\t\t\t<\/div>\n\t\t<\/section>\n\t\t<div class=\"elementor-element elementor-element-5c3fa64 e-flex e-con-boxed e-con e-parent\" data-id=\"5c3fa64\" data-element_type=\"container\" data-e-type=\"container\">\n\t\t\t\t\t<div class=\"e-con-inner\">\n\t\t\t\t<div class=\"elementor-element elementor-element-1c6f6bd elementor-widget elementor-widget-heading\" data-id=\"1c6f6bd\" data-element_type=\"widget\" data-e-type=\"widget\" data-widget_type=\"heading.default\">\n\t\t\t\t<div class=\"elementor-widget-container\">\n\t\t\t\t\t<h2 class=\"elementor-heading-title elementor-size-default\">Distribui\u00e7\u00e3o Directa<\/h2>\t\t\t\t<\/div>\n\t\t\t\t<\/div>\n\t\t\t\t\t<\/div>\n\t\t\t\t<\/div>\n\t\t\t\t<section class=\"elementor-section elementor-top-section elementor-element elementor-element-aef85cc elementor-reverse-mobile elementor-section-boxed elementor-section-height-default elementor-section-height-default\" data-id=\"aef85cc\" data-element_type=\"section\" data-e-type=\"section\">\n\t\t\t\t\t\t<div class=\"elementor-container elementor-column-gap-no\">\n\t\t\t\t\t<div class=\"elementor-column elementor-col-100 elementor-top-column elementor-element elementor-element-89f8239\" data-id=\"89f8239\" data-element_type=\"column\" data-e-type=\"column\">\n\t\t\t<div class=\"elementor-widget-wrap elementor-element-populated\">\n\t\t\t\t\t\t<div class=\"elementor-element elementor-element-ec7d939 elementor-widget__width-initial elementor-widget-mobile__width-initial elementor-widget-tablet__width-initial elementor-widget elementor-widget-text-editor\" data-id=\"ec7d939\" data-element_type=\"widget\" data-e-type=\"widget\" data-widget_type=\"text-editor.default\">\n\t\t\t\t<div class=\"elementor-widget-container\">\n\t\t\t\t\t\t\t\t\t<p><span style=\"font-weight: 400;\">No \u00e2mbito de candidatura efetuada em 2024, a <em><strong>ADSCCL &#8211; Associa\u00e7\u00e3o de Desenvolvimento Social e Cultural dos Cinco Lugares<\/strong><\/em> integra o cons\u00f3rcio liderado pela <em><strong>Santa Casa da Miseric\u00f3rdia da Pampilhosa da Serra<\/strong><\/em>, para dinamiza\u00e7\u00e3o do programa para distribui\u00e7\u00e3o direta de ajuda alimentar \u00e0s pessoas em situa\u00e7\u00e3o de vulnerabilidade.<\/span><\/p><p><span style=\"font-weight: 400;\">Este programa permite o acesso a uma alimenta\u00e7\u00e3o b\u00e1sica e condigna para <strong><span style=\"text-decoration: underline;\"><em>59 benefici\u00e1rios.<\/em><\/span><\/strong><\/span><\/p><p><span style=\"font-weight: 400;\">Em termos de funcionamento as atividades a desenvolver incluem a prepara\u00e7\u00e3o t\u00e9cnica e administrativa da distribui\u00e7\u00e3o mensal, bem como a recep\u00e7\u00e3o e distribui\u00e7\u00e3o dos produtos, e ainda a\u00e7\u00f5es de sensibiliza\u00e7\u00e3o e acompanhamento.\u00a0\u00a0<\/span><\/p><p><span style=\"font-weight: 400;\">Este projeto \u00e9 desenvolvido em estreita parceria com os servi\u00e7os de ac\u00e7\u00e3o social do Munic\u00edpio.\u00a0<\/span><\/p>\t\t\t\t\t\t\t\t<\/div>\n\t\t\t\t<\/div>\n\t\t\t\t\t<\/div>\n\t\t<\/div>\n\t\t\t\t\t<\/div>\n\t\t<\/section>\n\t\t<div class=\"elementor-element elementor-element-a1c75d5 e-flex e-con-boxed e-con e-parent\" data-id=\"a1c75d5\" data-element_type=\"container\" data-e-type=\"container\">\n\t\t\t\t\t<div class=\"e-con-inner\">\n\t\t\t\t<div class=\"elementor-element elementor-element-d9abaaf elementor-widget elementor-widget-image\" data-id=\"d9abaaf\" data-element_type=\"widget\" data-e-type=\"widget\" data-widget_type=\"image.default\">\n\t\t\t\t<div class=\"elementor-widget-container\">\n\t\t\t\t\t\t\t\t\t<div class=\"elementor-image\">\n\t\t\t\t\t\t\t\t\t\t\t\t\t\t\t\t\t\t\t\t\t<img fetchpriority=\"high\" decoding=\"async\" width=\"1200\" height=\"675\" src=\"https:\/\/adsccl.pt\/wp-content\/uploads\/2025\/05\/cartao-social-1.jpg\" class=\"attachment-full size-full wp-image-988159\" alt=\"\" srcset=\"https:\/\/adsccl.pt\/wp-content\/uploads\/2025\/05\/cartao-social-1.jpg 1200w, https:\/\/adsccl.pt\/wp-content\/uploads\/2025\/05\/cartao-social-1-1024x576.jpg 1024w, https:\/\/adsccl.pt\/wp-content\/uploads\/2025\/05\/cartao-social-1-768x432.jpg 768w\" sizes=\"(max-width: 1200px) 100vw, 1200px\" \/>\t\t\t\t\t\t\t\t\t\t\t\t\t\t\t\t\t\t\t\t\t\t\t\t<\/div>\n\t\t\t\t\t\t\t\t<\/div>\n\t\t\t\t<\/div>\n\t\t\t\t\t<\/div>\n\t\t\t\t<\/div>\n\t\t<div class=\"elementor-element elementor-element-1975485 e-flex e-con-boxed e-con e-parent\" data-id=\"1975485\" data-element_type=\"container\" data-e-type=\"container\">\n\t\t\t\t\t<div class=\"e-con-inner\">\n\t\t\t\t<div class=\"elementor-element elementor-element-5f8c719 elementor-widget elementor-widget-heading\" data-id=\"5f8c719\" data-element_type=\"widget\" data-e-type=\"widget\" data-widget_type=\"heading.default\">\n\t\t\t\t<div class=\"elementor-widget-container\">\n\t\t\t\t\t<h2 class=\"elementor-heading-title elementor-size-default\">Distribui\u00e7\u00e3o Indirecta - Cart\u00e3o Social Eletr\u00f3nico<\/h2>\t\t\t\t<\/div>\n\t\t\t\t<\/div>\n\t\t\t\t\t<\/div>\n\t\t\t\t<\/div>\n\t\t\t\t<section class=\"elementor-section elementor-top-section elementor-element elementor-element-0915be8 elementor-reverse-mobile elementor-section-boxed elementor-section-height-default elementor-section-height-default\" data-id=\"0915be8\" data-element_type=\"section\" data-e-type=\"section\">\n\t\t\t\t\t\t<div class=\"elementor-container elementor-column-gap-no\">\n\t\t\t\t\t<div class=\"elementor-column elementor-col-100 elementor-top-column elementor-element elementor-element-94ef19c\" data-id=\"94ef19c\" data-element_type=\"column\" data-e-type=\"column\">\n\t\t\t<div class=\"elementor-widget-wrap elementor-element-populated\">\n\t\t\t\t\t\t<div class=\"elementor-element elementor-element-415fc9b elementor-widget__width-initial elementor-widget-mobile__width-initial elementor-widget-tablet__width-initial elementor-widget elementor-widget-text-editor\" data-id=\"415fc9b\" data-element_type=\"widget\" data-e-type=\"widget\" data-widget_type=\"text-editor.default\">\n\t\t\t\t<div class=\"elementor-widget-container\">\n\t\t\t\t\t\t\t\t\t<p>O cart\u00e3o social \u00e9 uma medida que permite adquirir bens alimentares em centenas de estabelecimentos comerciais aderentes, garantindo liberdade de escolha e promovendo a autonomia e a dignidade dos seus utilizadores. O valor atribu\u00eddo \u00e9 carregado mensalmente e varia consoante a dimens\u00e3o do agregado familiar. A sua utiliza\u00e7\u00e3o est\u00e1 sujeita a algumas restri\u00e7\u00f5es, alinhadas com princ\u00edpios de nutri\u00e7\u00e3o equilibrada e uso respons\u00e1vel<\/p><p>Lan\u00e7ado no in\u00edcio de 2025, o cart\u00e3o foi inicialmente testado em cinco concelhos e est\u00e1 atualmente dispon\u00edvel em todo o territ\u00f3rio continental, abrangendo 13.960 agregados familiares, num total aproximado de 39 mil pessoas.<\/p><p>Financiado pelo Fundo Social Europeu Mais (FSE+) e pelo Estado portugu\u00eas, no \u00e2mbito do programa PESSOAS 2030, este cart\u00e3o destina-se \u00e0s pessoas mais carenciadas, em situa\u00e7\u00e3o de priva\u00e7\u00e3o material e insere-se na tipologia de opera\u00e7\u00e3o que apoia a aquisi\u00e7\u00e3o e distribui\u00e7\u00e3o direta dos produtos.<\/p><p>Esta medida representa uma evolu\u00e7\u00e3o na forma do apoio social, respondendo a recomenda\u00e7\u00f5es de especialistas na \u00e1rea da pobreza e inclus\u00e3o social. Est\u00e1 previsto que o cart\u00e3o possa, vir a abranger at\u00e9 55 mil pessoas.<\/p><p>A implementa\u00e7\u00e3o do Cart\u00e3o Social \u00e9 mais um exemplo do compromisso do programa PESSOAS 2030 com solu\u00e7\u00f5es centradas nas pessoas e no combate \u00e0 pobreza, atrav\u00e9s do investimento do Fundo Social Europeu Mais. At\u00e9 2030, o Programa vai continuar a contribuir para a meta nacional do Plano de A\u00e7\u00e3o do Pilar Europeu dos Direitos Sociais de reduzir o n\u00famero de pessoas em risco de pobreza ou exclus\u00e3o social em, pelo menos, 765 mil pessoas, e de crian\u00e7as em, pelo menos, 161 mil.<\/p>\t\t\t\t\t\t\t\t<\/div>\n\t\t\t\t<\/div>\n\t\t\t\t\t<\/div>\n\t\t<\/div>\n\t\t\t\t\t<\/div>\n\t\t<\/section>\n\t\t<div class=\"elementor-element elementor-element-515d412 e-flex e-con-boxed e-con e-parent\" data-id=\"515d412\" data-element_type=\"container\" data-e-type=\"container\">\n\t\t\t\t\t<div class=\"e-con-inner\">\n\t\t\t\t<div class=\"elementor-element elementor-element-c629e8d elementor-widget elementor-widget-image\" data-id=\"c629e8d\" data-element_type=\"widget\" data-e-type=\"widget\" data-widget_type=\"image.default\">\n\t\t\t\t<div class=\"elementor-widget-container\">\n\t\t\t\t\t\t\t\t\t<div class=\"elementor-image\">\n\t\t\t\t\t\t\t\t\t\t\t\t\t\t\t\t\t\t\t\t\t<img decoding=\"async\" width=\"2560\" height=\"1207\" src=\"https:\/\/adsccl.pt\/wp-content\/uploads\/2025\/05\/Folheto-Cartao-Mais-Pessoas-Triptico2-scaled.jpg\" class=\"attachment-full size-full wp-image-988160\" alt=\"\" srcset=\"https:\/\/adsccl.pt\/wp-content\/uploads\/2025\/05\/Folheto-Cartao-Mais-Pessoas-Triptico2-scaled.jpg 2560w, https:\/\/adsccl.pt\/wp-content\/uploads\/2025\/05\/Folheto-Cartao-Mais-Pessoas-Triptico2-1024x483.jpg 1024w, https:\/\/adsccl.pt\/wp-content\/uploads\/2025\/05\/Folheto-Cartao-Mais-Pessoas-Triptico2-768x362.jpg 768w, https:\/\/adsccl.pt\/wp-content\/uploads\/2025\/05\/Folheto-Cartao-Mais-Pessoas-Triptico2-1536x724.jpg 1536w, https:\/\/adsccl.pt\/wp-content\/uploads\/2025\/05\/Folheto-Cartao-Mais-Pessoas-Triptico2-2048x965.jpg 2048w\" sizes=\"(max-width: 2560px) 100vw, 2560px\" \/>\t\t\t\t\t\t\t\t\t\t\t\t\t\t\t\t\t\t\t\t\t\t\t\t<\/div>\n\t\t\t\t\t\t\t\t<\/div>\n\t\t\t\t<\/div>\n\t\t\t\t\t<\/div>\n\t\t\t\t<\/div>\n\t\t<div class=\"elementor-element elementor-element-3ae2e89 e-flex e-con-boxed e-con e-parent\" data-id=\"3ae2e89\" data-element_type=\"container\" data-e-type=\"container\">\n\t\t\t\t\t<div class=\"e-con-inner\">\n\t\t\t\t<div class=\"elementor-element elementor-element-49c6db0 elementor-widget elementor-widget-image\" data-id=\"49c6db0\" data-element_type=\"widget\" data-e-type=\"widget\" data-widget_type=\"image.default\">\n\t\t\t\t<div class=\"elementor-widget-container\">\n\t\t\t\t\t\t\t\t\t<div class=\"elementor-image\">\n\t\t\t\t\t\t\t\t\t\t\t\t\t\t\t\t\t\t\t\t\t<img decoding=\"async\" width=\"2560\" height=\"1207\" src=\"https:\/\/adsccl.pt\/wp-content\/uploads\/2025\/05\/Folheto-Cartao-Mais-Pessoas-Triptico1-scaled.jpg\" class=\"attachment-full size-full wp-image-988161\" alt=\"\" srcset=\"https:\/\/adsccl.pt\/wp-content\/uploads\/2025\/05\/Folheto-Cartao-Mais-Pessoas-Triptico1-scaled.jpg 2560w, https:\/\/adsccl.pt\/wp-content\/uploads\/2025\/05\/Folheto-Cartao-Mais-Pessoas-Triptico1-1024x483.jpg 1024w, https:\/\/adsccl.pt\/wp-content\/uploads\/2025\/05\/Folheto-Cartao-Mais-Pessoas-Triptico1-768x362.jpg 768w\" sizes=\"(max-width: 2560px) 100vw, 2560px\" \/>\t\t\t\t\t\t\t\t\t\t\t\t\t\t\t\t\t\t\t\t\t\t\t\t<\/div>\n\t\t\t\t\t\t\t\t<\/div>\n\t\t\t\t<\/div>\n\t\t\t\t\t<\/div>\n\t\t\t\t<\/div>\n\t\t\t\t<\/div>\n\t\t","protected":false},"excerpt":{"rendered":"<p>Pessoas 2030 Distribui\u00e7\u00e3o Directae Cart\u00e3o SocialEletr\u00f3nico Distribui\u00e7\u00e3o Directa No \u00e2mbito de candidatura efetuada em 2024, a ADSCCL &#8211; Associa\u00e7\u00e3o de Desenvolvimento Social e Cultural dos Cinco Lugares integra o cons\u00f3rcio liderado pela Santa Casa da Miseric\u00f3rdia da Pampilhosa da Serra, para dinamiza\u00e7\u00e3o do programa para distribui\u00e7\u00e3o direta de ajuda alimentar \u00e0s pessoas em situa\u00e7\u00e3o de&#8230;<\/p>\n","protected":false},"author":1,"featured_media":0,"parent":0,"menu_order":0,"comment_status":"closed","ping_status":"closed","template":"","meta":{"give_campaign_id":0,"footnotes":""},"class_list":["post-987985","page","type-page","status-publish","hentry"],"yoast_head":"<!-- This site is optimized with the Yoast SEO plugin v27.2 - https:\/\/yoast.com\/product\/yoast-seo-wordpress\/ -->\n<title>Pessoas 2030 - Distribui\u00e7\u00e3o Directa e Cart\u00e3o Social - ADSCCL<\/title>\n<meta name=\"robots\" content=\"index, follow, max-snippet:-1, max-image-preview:large, max-video-preview:-1\" \/>\n<link rel=\"canonical\" href=\"https:\/\/adsccl.pt\/index.php\/pessoas-2030-distribuicao-directa-e-cartao-social\/\" \/>\n<meta property=\"og:locale\" content=\"en_US\" \/>\n<meta property=\"og:type\" content=\"article\" \/>\n<meta property=\"og:title\" content=\"Pessoas 2030 - Distribui\u00e7\u00e3o Directa e Cart\u00e3o Social - ADSCCL\" \/>\n<meta property=\"og:description\" content=\"Pessoas 2030 Distribui\u00e7\u00e3o Directae Cart\u00e3o SocialEletr\u00f3nico Distribui\u00e7\u00e3o Directa No \u00e2mbito de candidatura efetuada em 2024, a ADSCCL &#8211; Associa\u00e7\u00e3o de Desenvolvimento Social e Cultural dos Cinco Lugares integra o cons\u00f3rcio liderado pela Santa Casa da Miseric\u00f3rdia da Pampilhosa da Serra, para dinamiza\u00e7\u00e3o do programa para distribui\u00e7\u00e3o direta de ajuda alimentar \u00e0s pessoas em situa\u00e7\u00e3o de...\" \/>\n<meta property=\"og:url\" content=\"https:\/\/adsccl.pt\/index.php\/pessoas-2030-distribuicao-directa-e-cartao-social\/\" \/>\n<meta property=\"og:site_name\" content=\"ADSCCL\" \/>\n<meta property=\"article:modified_time\" content=\"2025-05-27T13:28:50+00:00\" \/>\n<meta property=\"og:image\" content=\"https:\/\/adsccl.pt\/wp-content\/uploads\/2025\/05\/cartao-social-1.jpg\" \/>\n\t<meta property=\"og:image:width\" content=\"1200\" \/>\n\t<meta property=\"og:image:height\" content=\"675\" \/>\n\t<meta property=\"og:image:type\" content=\"image\/jpeg\" \/>\n<meta name=\"twitter:card\" content=\"summary_large_image\" \/>\n<meta name=\"twitter:label1\" content=\"Est. reading time\" \/>\n\t<meta name=\"twitter:data1\" content=\"3 minutes\" \/>\n<script type=\"application\/ld+json\" class=\"yoast-schema-graph\">{\"@context\":\"https:\/\/schema.org\",\"@graph\":[{\"@type\":\"WebPage\",\"@id\":\"https:\/\/adsccl.pt\/index.php\/pessoas-2030-distribuicao-directa-e-cartao-social\/\",\"url\":\"https:\/\/adsccl.pt\/index.php\/pessoas-2030-distribuicao-directa-e-cartao-social\/\",\"name\":\"Pessoas 2030 - Distribui\u00e7\u00e3o Directa e Cart\u00e3o Social - ADSCCL\",\"isPartOf\":{\"@id\":\"https:\/\/adsccl.pt\/#website\"},\"primaryImageOfPage\":{\"@id\":\"https:\/\/adsccl.pt\/index.php\/pessoas-2030-distribuicao-directa-e-cartao-social\/#primaryimage\"},\"image\":{\"@id\":\"https:\/\/adsccl.pt\/index.php\/pessoas-2030-distribuicao-directa-e-cartao-social\/#primaryimage\"},\"thumbnailUrl\":\"https:\/\/adsccl.pt\/wp-content\/uploads\/2025\/05\/cartao-social-1.jpg\",\"datePublished\":\"2025-03-06T10:03:06+00:00\",\"dateModified\":\"2025-05-27T13:28:50+00:00\",\"breadcrumb\":{\"@id\":\"https:\/\/adsccl.pt\/index.php\/pessoas-2030-distribuicao-directa-e-cartao-social\/#breadcrumb\"},\"inLanguage\":\"en-US\",\"potentialAction\":[{\"@type\":\"ReadAction\",\"target\":[\"https:\/\/adsccl.pt\/index.php\/pessoas-2030-distribuicao-directa-e-cartao-social\/\"]}]},{\"@type\":\"ImageObject\",\"inLanguage\":\"en-US\",\"@id\":\"https:\/\/adsccl.pt\/index.php\/pessoas-2030-distribuicao-directa-e-cartao-social\/#primaryimage\",\"url\":\"https:\/\/adsccl.pt\/wp-content\/uploads\/2025\/05\/cartao-social-1.jpg\",\"contentUrl\":\"https:\/\/adsccl.pt\/wp-content\/uploads\/2025\/05\/cartao-social-1.jpg\",\"width\":1200,\"height\":675},{\"@type\":\"BreadcrumbList\",\"@id\":\"https:\/\/adsccl.pt\/index.php\/pessoas-2030-distribuicao-directa-e-cartao-social\/#breadcrumb\",\"itemListElement\":[{\"@type\":\"ListItem\",\"position\":1,\"name\":\"Home\",\"item\":\"https:\/\/adsccl.pt\/\"},{\"@type\":\"ListItem\",\"position\":2,\"name\":\"Pessoas 2030 &#8211; Distribui\u00e7\u00e3o Directa e Cart\u00e3o Social\"}]},{\"@type\":\"WebSite\",\"@id\":\"https:\/\/adsccl.pt\/#website\",\"url\":\"https:\/\/adsccl.pt\/\",\"name\":\"ADSCCL\",\"description\":\"INSPIRA\u00c7\u00c3O PARA UM MUNDO MELHOR\",\"publisher\":{\"@id\":\"https:\/\/adsccl.pt\/#organization\"},\"potentialAction\":[{\"@type\":\"SearchAction\",\"target\":{\"@type\":\"EntryPoint\",\"urlTemplate\":\"https:\/\/adsccl.pt\/?s={search_term_string}\"},\"query-input\":{\"@type\":\"PropertyValueSpecification\",\"valueRequired\":true,\"valueName\":\"search_term_string\"}}],\"inLanguage\":\"en-US\"},{\"@type\":\"Organization\",\"@id\":\"https:\/\/adsccl.pt\/#organization\",\"name\":\"ADSCCL\",\"url\":\"https:\/\/adsccl.pt\/\",\"logo\":{\"@type\":\"ImageObject\",\"inLanguage\":\"en-US\",\"@id\":\"https:\/\/adsccl.pt\/#\/schema\/logo\/image\/\",\"url\":\"https:\/\/adsccl.pt\/wp-content\/uploads\/2020\/04\/lOGO_adsCCL-2.png\",\"contentUrl\":\"https:\/\/adsccl.pt\/wp-content\/uploads\/2020\/04\/lOGO_adsCCL-2.png\",\"width\":1679,\"height\":540,\"caption\":\"ADSCCL\"},\"image\":{\"@id\":\"https:\/\/adsccl.pt\/#\/schema\/logo\/image\/\"}}]}<\/script>\n<!-- \/ Yoast SEO plugin. -->","yoast_head_json":{"title":"Pessoas 2030 - Distribui\u00e7\u00e3o Directa e Cart\u00e3o Social - ADSCCL","robots":{"index":"index","follow":"follow","max-snippet":"max-snippet:-1","max-image-preview":"max-image-preview:large","max-video-preview":"max-video-preview:-1"},"canonical":"https:\/\/adsccl.pt\/index.php\/pessoas-2030-distribuicao-directa-e-cartao-social\/","og_locale":"en_US","og_type":"article","og_title":"Pessoas 2030 - Distribui\u00e7\u00e3o Directa e Cart\u00e3o Social - ADSCCL","og_description":"Pessoas 2030 Distribui\u00e7\u00e3o Directae Cart\u00e3o SocialEletr\u00f3nico Distribui\u00e7\u00e3o Directa No \u00e2mbito de candidatura efetuada em 2024, a ADSCCL &#8211; Associa\u00e7\u00e3o de Desenvolvimento Social e Cultural dos Cinco Lugares integra o cons\u00f3rcio liderado pela Santa Casa da Miseric\u00f3rdia da Pampilhosa da Serra, para dinamiza\u00e7\u00e3o do programa para distribui\u00e7\u00e3o direta de ajuda alimentar \u00e0s pessoas em situa\u00e7\u00e3o de...","og_url":"https:\/\/adsccl.pt\/index.php\/pessoas-2030-distribuicao-directa-e-cartao-social\/","og_site_name":"ADSCCL","article_modified_time":"2025-05-27T13:28:50+00:00","og_image":[{"width":1200,"height":675,"url":"https:\/\/adsccl.pt\/wp-content\/uploads\/2025\/05\/cartao-social-1.jpg","type":"image\/jpeg"}],"twitter_card":"summary_large_image","twitter_misc":{"Est. reading time":"3 minutes"},"schema":{"@context":"https:\/\/schema.org","@graph":[{"@type":"WebPage","@id":"https:\/\/adsccl.pt\/index.php\/pessoas-2030-distribuicao-directa-e-cartao-social\/","url":"https:\/\/adsccl.pt\/index.php\/pessoas-2030-distribuicao-directa-e-cartao-social\/","name":"Pessoas 2030 - Distribui\u00e7\u00e3o Directa e Cart\u00e3o Social - ADSCCL","isPartOf":{"@id":"https:\/\/adsccl.pt\/#website"},"primaryImageOfPage":{"@id":"https:\/\/adsccl.pt\/index.php\/pessoas-2030-distribuicao-directa-e-cartao-social\/#primaryimage"},"image":{"@id":"https:\/\/adsccl.pt\/index.php\/pessoas-2030-distribuicao-directa-e-cartao-social\/#primaryimage"},"thumbnailUrl":"https:\/\/adsccl.pt\/wp-content\/uploads\/2025\/05\/cartao-social-1.jpg","datePublished":"2025-03-06T10:03:06+00:00","dateModified":"2025-05-27T13:28:50+00:00","breadcrumb":{"@id":"https:\/\/adsccl.pt\/index.php\/pessoas-2030-distribuicao-directa-e-cartao-social\/#breadcrumb"},"inLanguage":"en-US","potentialAction":[{"@type":"ReadAction","target":["https:\/\/adsccl.pt\/index.php\/pessoas-2030-distribuicao-directa-e-cartao-social\/"]}]},{"@type":"ImageObject","inLanguage":"en-US","@id":"https:\/\/adsccl.pt\/index.php\/pessoas-2030-distribuicao-directa-e-cartao-social\/#primaryimage","url":"https:\/\/adsccl.pt\/wp-content\/uploads\/2025\/05\/cartao-social-1.jpg","contentUrl":"https:\/\/adsccl.pt\/wp-content\/uploads\/2025\/05\/cartao-social-1.jpg","width":1200,"height":675},{"@type":"BreadcrumbList","@id":"https:\/\/adsccl.pt\/index.php\/pessoas-2030-distribuicao-directa-e-cartao-social\/#breadcrumb","itemListElement":[{"@type":"ListItem","position":1,"name":"Home","item":"https:\/\/adsccl.pt\/"},{"@type":"ListItem","position":2,"name":"Pessoas 2030 &#8211; Distribui\u00e7\u00e3o Directa e Cart\u00e3o Social"}]},{"@type":"WebSite","@id":"https:\/\/adsccl.pt\/#website","url":"https:\/\/adsccl.pt\/","name":"ADSCCL","description":"INSPIRA\u00c7\u00c3O PARA UM MUNDO MELHOR","publisher":{"@id":"https:\/\/adsccl.pt\/#organization"},"potentialAction":[{"@type":"SearchAction","target":{"@type":"EntryPoint","urlTemplate":"https:\/\/adsccl.pt\/?s={search_term_string}"},"query-input":{"@type":"PropertyValueSpecification","valueRequired":true,"valueName":"search_term_string"}}],"inLanguage":"en-US"},{"@type":"Organization","@id":"https:\/\/adsccl.pt\/#organization","name":"ADSCCL","url":"https:\/\/adsccl.pt\/","logo":{"@type":"ImageObject","inLanguage":"en-US","@id":"https:\/\/adsccl.pt\/#\/schema\/logo\/image\/","url":"https:\/\/adsccl.pt\/wp-content\/uploads\/2020\/04\/lOGO_adsCCL-2.png","contentUrl":"https:\/\/adsccl.pt\/wp-content\/uploads\/2020\/04\/lOGO_adsCCL-2.png","width":1679,"height":540,"caption":"ADSCCL"},"image":{"@id":"https:\/\/adsccl.pt\/#\/schema\/logo\/image\/"}}]}},"campaignId":"","_links":{"self":[{"href":"https:\/\/adsccl.pt\/index.php\/wp-json\/wp\/v2\/pages\/987985","targetHints":{"allow":["GET"]}}],"collection":[{"href":"https:\/\/adsccl.pt\/index.php\/wp-json\/wp\/v2\/pages"}],"about":[{"href":"https:\/\/adsccl.pt\/index.php\/wp-json\/wp\/v2\/types\/page"}],"author":[{"embeddable":true,"href":"https:\/\/adsccl.pt\/index.php\/wp-json\/wp\/v2\/users\/1"}],"replies":[{"embeddable":true,"href":"https:\/\/adsccl.pt\/index.php\/wp-json\/wp\/v2\/comments?post=987985"}],"version-history":[{"count":20,"href":"https:\/\/adsccl.pt\/index.php\/wp-json\/wp\/v2\/pages\/987985\/revisions"}],"predecessor-version":[{"id":988198,"href":"https:\/\/adsccl.pt\/index.php\/wp-json\/wp\/v2\/pages\/987985\/revisions\/988198"}],"wp:attachment":[{"href":"https:\/\/adsccl.pt\/index.php\/wp-json\/wp\/v2\/media?parent=987985"}],"curies":[{"name":"wp","href":"https:\/\/api.w.org\/{rel}","templated":true}]}}