{"id":988010,"date":"2025-03-06T10:43:31","date_gmt":"2025-03-06T10:43:31","guid":{"rendered":"https:\/\/adsccl.pt\/?page_id=988010"},"modified":"2025-03-06T11:01:00","modified_gmt":"2025-03-06T11:01:00","slug":"microninhoimigrante","status":"publish","type":"page","link":"https:\/\/adsccl.pt\/index.php\/microninhoimigrante\/","title":{"rendered":"Microninho+Imigrante"},"content":{"rendered":"\t\t<div data-elementor-type=\"wp-page\" data-elementor-id=\"988010\" class=\"elementor elementor-988010\" data-elementor-post-type=\"page\">\n\t\t\t\t\t\t<section class=\"elementor-section elementor-top-section elementor-element elementor-element-d2f417f elementor-section-full_width elementor-section-height-min-height animated-fast elementor-section-height-default elementor-section-items-middle elementor-invisible\" data-id=\"d2f417f\" data-element_type=\"section\" data-e-type=\"section\" data-settings=\"{&quot;background_background&quot;:&quot;classic&quot;,&quot;animation&quot;:&quot;fadeIn&quot;,&quot;animation_tablet&quot;:&quot;none&quot;}\">\n\t\t\t\t\t\t\t<div class=\"elementor-background-overlay\"><\/div>\n\t\t\t\t\t\t\t<div class=\"elementor-container elementor-column-gap-no\">\n\t\t\t\t\t<div class=\"elementor-column elementor-col-100 elementor-top-column elementor-element elementor-element-7addda1\" data-id=\"7addda1\" data-element_type=\"column\" data-e-type=\"column\">\n\t\t\t<div class=\"elementor-widget-wrap\">\n\t\t\t\t\t\t\t<\/div>\n\t\t<\/div>\n\t\t\t\t\t<\/div>\n\t\t<\/section>\n\t\t\t\t<section class=\"elementor-section elementor-top-section elementor-element elementor-element-3ce939a elementor-section-boxed elementor-section-height-default elementor-section-height-default\" data-id=\"3ce939a\" data-element_type=\"section\" data-e-type=\"section\">\n\t\t\t\t\t\t<div class=\"elementor-container elementor-column-gap-no\">\n\t\t\t\t\t<div class=\"elementor-column elementor-col-50 elementor-top-column elementor-element elementor-element-78bebda\" data-id=\"78bebda\" data-element_type=\"column\" data-e-type=\"column\" data-settings=\"{&quot;motion_fx_motion_fx_scrolling&quot;:&quot;yes&quot;,&quot;motion_fx_translateY_effect&quot;:&quot;yes&quot;,&quot;motion_fx_translateY_speed&quot;:{&quot;unit&quot;:&quot;px&quot;,&quot;size&quot;:1,&quot;sizes&quot;:[]},&quot;motion_fx_devices&quot;:[&quot;desktop&quot;],&quot;motion_fx_translateY_affectedRange&quot;:{&quot;unit&quot;:&quot;%&quot;,&quot;size&quot;:&quot;&quot;,&quot;sizes&quot;:{&quot;start&quot;:0,&quot;end&quot;:100}}}\">\n\t\t\t<div class=\"elementor-widget-wrap elementor-element-populated\">\n\t\t\t\t\t\t<div class=\"elementor-element elementor-element-e1abf94 elementor-widget elementor-widget-heading\" data-id=\"e1abf94\" data-element_type=\"widget\" data-e-type=\"widget\" data-widget_type=\"heading.default\">\n\t\t\t\t<div class=\"elementor-widget-container\">\n\t\t\t\t\t<h4 class=\"elementor-heading-title elementor-size-default\">Microninho + Imigrante<\/h4>\t\t\t\t<\/div>\n\t\t\t\t<\/div>\n\t\t\t\t<div class=\"elementor-element elementor-element-ddd2ea6 elementor-widget__width-auto elementor-widget-tablet__width-auto elementor-widget-mobile__width-inherit vamtam-align-left elementor-widget elementor-widget-heading\" data-id=\"ddd2ea6\" data-element_type=\"widget\" data-e-type=\"widget\" data-widget_type=\"heading.heading_caridad\">\n\t\t\t\t<div class=\"elementor-widget-container\">\n\t\t\t\t\t<h1 class='vamtam-heading-wrapper'><div class=\"elementor-heading-title\">Transformar<\/div><div class=\"elementor-heading-title\">Desafios em<\/div><div class=\"elementor-heading-title\">Oportunidades<\/div><\/h1>\t\t\t\t<\/div>\n\t\t\t\t<\/div>\n\t\t\t\t\t<\/div>\n\t\t<\/div>\n\t\t\t\t<div class=\"elementor-column elementor-col-50 elementor-top-column elementor-element elementor-element-99032eb elementor-hidden-desktop elementor-hidden-tablet elementor-hidden-phone\" data-id=\"99032eb\" data-element_type=\"column\" data-e-type=\"column\">\n\t\t\t<div class=\"elementor-widget-wrap\">\n\t\t\t\t\t\t\t<\/div>\n\t\t<\/div>\n\t\t\t\t\t<\/div>\n\t\t<\/section>\n\t\t\t\t<section class=\"elementor-section elementor-top-section elementor-element elementor-element-e25482d elementor-reverse-tablet elementor-reverse-mobile elementor-section-boxed elementor-section-height-default elementor-section-height-default\" data-id=\"e25482d\" data-element_type=\"section\" data-e-type=\"section\">\n\t\t\t\t\t\t<div class=\"elementor-container elementor-column-gap-no\">\n\t\t\t\t\t<div class=\"elementor-column elementor-col-50 elementor-top-column elementor-element elementor-element-e30fa38\" data-id=\"e30fa38\" data-element_type=\"column\" data-e-type=\"column\">\n\t\t\t<div class=\"elementor-widget-wrap elementor-element-populated\">\n\t\t\t\t\t\t<div class=\"elementor-element elementor-element-3329e06 elementor-widget__width-initial elementor-widget elementor-widget-image\" data-id=\"3329e06\" data-element_type=\"widget\" data-e-type=\"widget\" data-settings=\"{&quot;motion_fx_motion_fx_scrolling&quot;:&quot;yes&quot;,&quot;motion_fx_translateY_effect&quot;:&quot;yes&quot;,&quot;motion_fx_translateY_speed&quot;:{&quot;unit&quot;:&quot;px&quot;,&quot;size&quot;:0.5,&quot;sizes&quot;:[]},&quot;motion_fx_devices&quot;:[&quot;desktop&quot;],&quot;motion_fx_translateY_affectedRange&quot;:{&quot;unit&quot;:&quot;%&quot;,&quot;size&quot;:&quot;&quot;,&quot;sizes&quot;:{&quot;start&quot;:0,&quot;end&quot;:100}}}\" data-widget_type=\"image.default\">\n\t\t\t\t<div class=\"elementor-widget-container\">\n\t\t\t\t\t\t\t\t\t<div class=\"elementor-image\">\n\t\t\t\t\t\t\t\t\t\t\t\t\t\t\t\t\t\t\t\t\t<img fetchpriority=\"high\" decoding=\"async\" width=\"1707\" height=\"2560\" src=\"https:\/\/adsccl.pt\/wp-content\/uploads\/2025\/02\/pexels-vlada-karpovich-4050287-scaled.jpg\" class=\"attachment-full size-full wp-image-987945\" alt=\"\" srcset=\"https:\/\/adsccl.pt\/wp-content\/uploads\/2025\/02\/pexels-vlada-karpovich-4050287-scaled.jpg 1707w, https:\/\/adsccl.pt\/wp-content\/uploads\/2025\/02\/pexels-vlada-karpovich-4050287-683x1024.jpg 683w, https:\/\/adsccl.pt\/wp-content\/uploads\/2025\/02\/pexels-vlada-karpovich-4050287-768x1152.jpg 768w, https:\/\/adsccl.pt\/wp-content\/uploads\/2025\/02\/pexels-vlada-karpovich-4050287-1024x1536.jpg 1024w\" sizes=\"(max-width: 1707px) 100vw, 1707px\" \/>\t\t\t\t\t\t\t\t\t\t\t\t\t\t\t\t\t\t\t\t\t\t\t\t<\/div>\n\t\t\t\t\t\t\t\t<\/div>\n\t\t\t\t<\/div>\n\t\t\t\t\t<\/div>\n\t\t<\/div>\n\t\t\t\t<div class=\"elementor-column elementor-col-50 elementor-top-column elementor-element elementor-element-1db94d2\" data-id=\"1db94d2\" data-element_type=\"column\" data-e-type=\"column\" data-settings=\"{&quot;motion_fx_motion_fx_scrolling&quot;:&quot;yes&quot;,&quot;motion_fx_translateY_effect&quot;:&quot;yes&quot;,&quot;motion_fx_translateY_speed&quot;:{&quot;unit&quot;:&quot;px&quot;,&quot;size&quot;:0.5,&quot;sizes&quot;:[]},&quot;motion_fx_devices&quot;:[&quot;desktop&quot;],&quot;motion_fx_translateY_affectedRange&quot;:{&quot;unit&quot;:&quot;%&quot;,&quot;size&quot;:&quot;&quot;,&quot;sizes&quot;:{&quot;start&quot;:0,&quot;end&quot;:100}}}\">\n\t\t\t<div class=\"elementor-widget-wrap elementor-element-populated\">\n\t\t\t\t\t\t<div class=\"elementor-element elementor-element-a727503 elementor-widget elementor-widget-heading\" data-id=\"a727503\" data-element_type=\"widget\" data-e-type=\"widget\" data-widget_type=\"heading.default\">\n\t\t\t\t<div class=\"elementor-widget-container\">\n\t\t\t\t\t<h2 class=\"elementor-heading-title elementor-size-default\">Quem Somos?<\/h2>\t\t\t\t<\/div>\n\t\t\t\t<\/div>\n\t\t\t\t<div class=\"elementor-element elementor-element-0be9b36 elementor-widget elementor-widget-text-editor\" data-id=\"0be9b36\" data-element_type=\"widget\" data-e-type=\"widget\" data-widget_type=\"text-editor.default\">\n\t\t\t\t<div class=\"elementor-widget-container\">\n\t\t\t\t\t\t\t\t\t<p><strong>O Microninho<\/strong> tem como miss\u00e3o promover a inclus\u00e3o social e o desenvolvimento local sustent\u00e1vel, utilizando metodologias testadas e validadas para fomentar o microempreendedorismo inclusivo e sustent\u00e1vel, direcionado a p\u00fablicos em situa\u00e7\u00e3o de vulnerabilidade. Paralelamente, o projeto dinamiza, ativa e anima o ecossistema de inova\u00e7\u00e3o e empreendedorismo social nos concelhos abrangidos, capacitando e intervindo para o surgimento de respostas e projetos inovadores que enfrentem os desafios sociais existentes. Desta forma, contribui ativamente para o cumprimento dos Objetivos de Desenvolvimento Sustent\u00e1vel (ODS) a n\u00edvel local<\/p>\t\t\t\t\t\t\t\t<\/div>\n\t\t\t\t<\/div>\n\t\t\t\t\t<\/div>\n\t\t<\/div>\n\t\t\t\t\t<\/div>\n\t\t<\/section>\n\t\t<div class=\"elementor-element elementor-element-fd635c8 e-flex e-con-boxed e-con e-parent\" data-id=\"fd635c8\" data-element_type=\"container\" data-e-type=\"container\">\n\t\t\t\t\t<div class=\"e-con-inner\">\n\t\t\t\t<div class=\"elementor-element elementor-element-3f2ad37 elementor-widget elementor-widget-video\" data-id=\"3f2ad37\" data-element_type=\"widget\" data-e-type=\"widget\" data-settings=\"{&quot;youtube_url&quot;:&quot;https:\\\/\\\/youtu.be\\\/heTA4I6nZQQ&quot;,&quot;video_type&quot;:&quot;youtube&quot;,&quot;controls&quot;:&quot;yes&quot;}\" data-widget_type=\"video.default\">\n\t\t\t\t<div class=\"elementor-widget-container\">\n\t\t\t\t\t\t\t<div class=\"elementor-wrapper elementor-open-inline\">\n\t\t\t<div class=\"elementor-video\"><\/div>\t\t<\/div>\n\t\t\t\t\t\t<\/div>\n\t\t\t\t<\/div>\n\t\t\t\t\t<\/div>\n\t\t\t\t<\/div>\n\t\t\t\t<section class=\"elementor-section elementor-top-section elementor-element elementor-element-992716a elementor-section-boxed elementor-section-height-default elementor-section-height-default\" data-id=\"992716a\" data-element_type=\"section\" data-e-type=\"section\">\n\t\t\t\t\t\t<div class=\"elementor-container elementor-column-gap-no\">\n\t\t\t\t\t<div class=\"elementor-column elementor-col-50 elementor-top-column elementor-element elementor-element-15472d9\" data-id=\"15472d9\" data-element_type=\"column\" data-e-type=\"column\">\n\t\t\t<div class=\"elementor-widget-wrap elementor-element-populated\">\n\t\t\t\t\t\t<div class=\"elementor-element elementor-element-4ae4983 elementor-widget__width-initial elementor-widget elementor-widget-heading\" data-id=\"4ae4983\" data-element_type=\"widget\" data-e-type=\"widget\" data-widget_type=\"heading.default\">\n\t\t\t\t<div class=\"elementor-widget-container\">\n\t\t\t\t\t<h2 class=\"elementor-heading-title elementor-size-default\">Realidades Sustent\u00e1veis para Imigrantes.<\/h2>\t\t\t\t<\/div>\n\t\t\t\t<\/div>\n\t\t\t\t\t<\/div>\n\t\t<\/div>\n\t\t\t\t<div class=\"elementor-column elementor-col-50 elementor-top-column elementor-element elementor-element-993dcbd\" data-id=\"993dcbd\" data-element_type=\"column\" data-e-type=\"column\">\n\t\t\t<div class=\"elementor-widget-wrap elementor-element-populated\">\n\t\t\t\t\t\t<div class=\"elementor-element elementor-element-45b1348 elementor-widget__width-initial elementor-widget-mobile__width-initial elementor-widget-tablet__width-initial elementor-widget elementor-widget-text-editor\" data-id=\"45b1348\" data-element_type=\"widget\" data-e-type=\"widget\" data-widget_type=\"text-editor.default\">\n\t\t\t\t<div class=\"elementor-widget-container\">\n\t\t\t\t\t\t\t\t\t<p><span style=\"font-weight: 400;\">O projeto, <strong>Microninho+Imigrante &#8211; Incubadora Social e de Inova\u00e7\u00e3o<\/strong>, foi premiado pela <em><strong>Funda\u00e7\u00e3o BPI la Caixa<\/strong><\/em> em 2023.\u00a0<\/span><\/p><p><span style=\"font-weight: 400;\">O projeto visa a co-constru\u00e7\u00e3o de planos de autonomiza\u00e7\u00e3o socio-familiar de agregados familiares imigrantes em situa\u00e7\u00e3o potencial ou efetiva de exclus\u00e3o, a partir da integra\u00e7\u00e3o s\u00f3cio laboral (via empregabilidade, empreendedorismo ou empreendedorismo social) ancorado num trabalho hol\u00edstico e multidisciplinar de capacita\u00e7\u00e3o intensiva.\u00a0<\/span><\/p><p><span style=\"font-weight: 400;\">Est\u00e1 previsto apoiar 50 fam\u00edlias de imigrantes residentes no concelho da Lous\u00e3 e concelhos lim\u00edtrofes num raio de at\u00e9 50km. Trata-se assim de mobilizar uma metodologia eficiente e testada para a popula\u00e7\u00e3o imigrante prevenindo e combatendo a exclus\u00e3o social a que esta popula\u00e7\u00e3o est\u00e1, ou possa vir a estar sujeita.\u00a0<\/span><\/p><p><span style=\"font-weight: 400;\">Os servi\u00e7os do Microninho, como permitem o apoio multidisciplinar do agregado familiar no seu todo, em todas as usas dimens\u00f5es e com todos os seus elementos, s\u00e3o assim uma forma eficiente de aumentar as possibilidades de uma efetiva integra\u00e7\u00e3o e inclus\u00e3o positiva e construtiva destes imigrantes nas comunidades de acolhimento.<\/span><\/p><p><span style=\"font-weight: 400;\">O pr\u00e9mio destina-se a promover a aplica\u00e7\u00e3o da metodologia junto de 50 agregados familiares imigrantes, mobilizado a experi\u00eancia dos t\u00e9cnicos da entidade promotora para este projeto, que em regime de itiner\u00e2ncia ir\u00e3o capacitar os destinat\u00e1rios e co-construir os seus projetos de vida aut\u00f3nomos.\u00a0<\/span><\/p>\t\t\t\t\t\t\t\t<\/div>\n\t\t\t\t<\/div>\n\t\t\t\t\t<\/div>\n\t\t<\/div>\n\t\t\t\t\t<\/div>\n\t\t<\/section>\n\t\t\t\t<section class=\"elementor-section elementor-top-section elementor-element elementor-element-4a104dc elementor-section-boxed elementor-section-height-default elementor-section-height-default\" data-id=\"4a104dc\" data-element_type=\"section\" data-e-type=\"section\">\n\t\t\t\t\t\t<div class=\"elementor-container elementor-column-gap-no\">\n\t\t\t\t\t<div class=\"elementor-column elementor-col-50 elementor-top-column elementor-element elementor-element-550e507\" data-id=\"550e507\" data-element_type=\"column\" data-e-type=\"column\">\n\t\t\t<div class=\"elementor-widget-wrap elementor-element-populated\">\n\t\t\t\t\t\t<div class=\"elementor-element elementor-element-7aa7f3e elementor-widget__width-initial elementor-widget-mobile__width-initial elementor-widget-tablet__width-initial elementor-widget elementor-widget-text-editor\" data-id=\"7aa7f3e\" data-element_type=\"widget\" data-e-type=\"widget\" data-widget_type=\"text-editor.default\">\n\t\t\t\t<div class=\"elementor-widget-container\">\n\t\t\t\t\t\t\t\t\t<b>Dura\u00e7\u00e3o do projeto: 12 meses <\/b>(at\u00e9 Outubro de 2024)\n<ul><p>\n \t<li><b>Investimento total: <\/b>38.100\u20ac<\/li>\n \t<li><b>Custo suportado pelo BPI: <\/b>30.480\u20ac<\/li>\n \t<li><b>Custo suportado pela ADSCCL: <\/b>7.620\u20ac<\/li>\n<p>\n<\/ul>\n<b>Parcerias:<\/b>\n<ul>\n \t<li>Munic\u00edpio da Lous\u00e3<\/li>\n \t<li>Munic\u00edpio de Condeixa-a-Nova<\/li>\n<\/ul>\t\t\t\t\t\t\t\t<\/div>\n\t\t\t\t<\/div>\n\t\t\t\t\t<\/div>\n\t\t<\/div>\n\t\t\t\t<div class=\"elementor-column elementor-col-50 elementor-top-column elementor-element elementor-element-b1a631c\" data-id=\"b1a631c\" data-element_type=\"column\" data-e-type=\"column\">\n\t\t\t<div class=\"elementor-widget-wrap elementor-element-populated\">\n\t\t\t\t\t\t<div class=\"elementor-element elementor-element-de67dc4 elementor-widget__width-initial elementor-widget elementor-widget-heading\" data-id=\"de67dc4\" data-element_type=\"widget\" data-e-type=\"widget\" data-widget_type=\"heading.default\">\n\t\t\t\t<div class=\"elementor-widget-container\">\n\t\t\t\t\t<h2 class=\"elementor-heading-title elementor-size-default\">Custos<\/h2>\t\t\t\t<\/div>\n\t\t\t\t<\/div>\n\t\t\t\t\t<\/div>\n\t\t<\/div>\n\t\t\t\t\t<\/div>\n\t\t<\/section>\n\t\t\t\t<\/div>\n\t\t","protected":false},"excerpt":{"rendered":"<p>Microninho + Imigrante TransformarDesafios emOportunidades Quem Somos? O Microninho tem como miss\u00e3o promover a inclus\u00e3o social e o desenvolvimento local sustent\u00e1vel, utilizando metodologias testadas e validadas para fomentar o microempreendedorismo inclusivo e sustent\u00e1vel, direcionado a p\u00fablicos em situa\u00e7\u00e3o de vulnerabilidade. Paralelamente, o projeto dinamiza, ativa e anima o ecossistema de inova\u00e7\u00e3o e empreendedorismo social nos&#8230;<\/p>\n","protected":false},"author":1,"featured_media":0,"parent":0,"menu_order":0,"comment_status":"closed","ping_status":"closed","template":"","meta":{"give_campaign_id":0,"footnotes":""},"class_list":["post-988010","page","type-page","status-publish","hentry"],"yoast_head":"<!-- This site is optimized with the Yoast SEO plugin v27.2 - https:\/\/yoast.com\/product\/yoast-seo-wordpress\/ -->\n<title>Microninho+Imigrante - ADSCCL<\/title>\n<meta name=\"robots\" content=\"index, follow, max-snippet:-1, max-image-preview:large, max-video-preview:-1\" \/>\n<link rel=\"canonical\" href=\"https:\/\/adsccl.pt\/index.php\/microninhoimigrante\/\" \/>\n<meta property=\"og:locale\" content=\"en_US\" \/>\n<meta property=\"og:type\" content=\"article\" \/>\n<meta property=\"og:title\" content=\"Microninho+Imigrante - ADSCCL\" \/>\n<meta property=\"og:description\" content=\"Microninho + Imigrante TransformarDesafios emOportunidades Quem Somos? O Microninho tem como miss\u00e3o promover a inclus\u00e3o social e o desenvolvimento local sustent\u00e1vel, utilizando metodologias testadas e validadas para fomentar o microempreendedorismo inclusivo e sustent\u00e1vel, direcionado a p\u00fablicos em situa\u00e7\u00e3o de vulnerabilidade. Paralelamente, o projeto dinamiza, ativa e anima o ecossistema de inova\u00e7\u00e3o e empreendedorismo social nos...\" \/>\n<meta property=\"og:url\" content=\"https:\/\/adsccl.pt\/index.php\/microninhoimigrante\/\" \/>\n<meta property=\"og:site_name\" content=\"ADSCCL\" \/>\n<meta property=\"article:modified_time\" content=\"2025-03-06T11:01:00+00:00\" \/>\n<meta property=\"og:image\" content=\"https:\/\/adsccl.pt\/wp-content\/uploads\/2025\/02\/pexels-vlada-karpovich-4050287-scaled.jpg\" \/>\n\t<meta property=\"og:image:width\" content=\"1707\" \/>\n\t<meta property=\"og:image:height\" content=\"2560\" \/>\n\t<meta property=\"og:image:type\" content=\"image\/jpeg\" \/>\n<meta name=\"twitter:card\" content=\"summary_large_image\" \/>\n<meta name=\"twitter:label1\" content=\"Est. reading time\" \/>\n\t<meta name=\"twitter:data1\" content=\"3 minutes\" \/>\n<script type=\"application\/ld+json\" class=\"yoast-schema-graph\">{\"@context\":\"https:\/\/schema.org\",\"@graph\":[{\"@type\":\"WebPage\",\"@id\":\"https:\/\/adsccl.pt\/index.php\/microninhoimigrante\/\",\"url\":\"https:\/\/adsccl.pt\/index.php\/microninhoimigrante\/\",\"name\":\"Microninho+Imigrante - ADSCCL\",\"isPartOf\":{\"@id\":\"https:\/\/adsccl.pt\/#website\"},\"primaryImageOfPage\":{\"@id\":\"https:\/\/adsccl.pt\/index.php\/microninhoimigrante\/#primaryimage\"},\"image\":{\"@id\":\"https:\/\/adsccl.pt\/index.php\/microninhoimigrante\/#primaryimage\"},\"thumbnailUrl\":\"https:\/\/adsccl.pt\/wp-content\/uploads\/2025\/02\/pexels-vlada-karpovich-4050287-scaled.jpg\",\"datePublished\":\"2025-03-06T10:43:31+00:00\",\"dateModified\":\"2025-03-06T11:01:00+00:00\",\"breadcrumb\":{\"@id\":\"https:\/\/adsccl.pt\/index.php\/microninhoimigrante\/#breadcrumb\"},\"inLanguage\":\"en-US\",\"potentialAction\":[{\"@type\":\"ReadAction\",\"target\":[\"https:\/\/adsccl.pt\/index.php\/microninhoimigrante\/\"]}]},{\"@type\":\"ImageObject\",\"inLanguage\":\"en-US\",\"@id\":\"https:\/\/adsccl.pt\/index.php\/microninhoimigrante\/#primaryimage\",\"url\":\"https:\/\/adsccl.pt\/wp-content\/uploads\/2025\/02\/pexels-vlada-karpovich-4050287-scaled.jpg\",\"contentUrl\":\"https:\/\/adsccl.pt\/wp-content\/uploads\/2025\/02\/pexels-vlada-karpovich-4050287-scaled.jpg\",\"width\":1707,\"height\":2560},{\"@type\":\"BreadcrumbList\",\"@id\":\"https:\/\/adsccl.pt\/index.php\/microninhoimigrante\/#breadcrumb\",\"itemListElement\":[{\"@type\":\"ListItem\",\"position\":1,\"name\":\"Home\",\"item\":\"https:\/\/adsccl.pt\/\"},{\"@type\":\"ListItem\",\"position\":2,\"name\":\"Microninho+Imigrante\"}]},{\"@type\":\"WebSite\",\"@id\":\"https:\/\/adsccl.pt\/#website\",\"url\":\"https:\/\/adsccl.pt\/\",\"name\":\"ADSCCL\",\"description\":\"INSPIRA\u00c7\u00c3O PARA UM MUNDO MELHOR\",\"publisher\":{\"@id\":\"https:\/\/adsccl.pt\/#organization\"},\"potentialAction\":[{\"@type\":\"SearchAction\",\"target\":{\"@type\":\"EntryPoint\",\"urlTemplate\":\"https:\/\/adsccl.pt\/?s={search_term_string}\"},\"query-input\":{\"@type\":\"PropertyValueSpecification\",\"valueRequired\":true,\"valueName\":\"search_term_string\"}}],\"inLanguage\":\"en-US\"},{\"@type\":\"Organization\",\"@id\":\"https:\/\/adsccl.pt\/#organization\",\"name\":\"ADSCCL\",\"url\":\"https:\/\/adsccl.pt\/\",\"logo\":{\"@type\":\"ImageObject\",\"inLanguage\":\"en-US\",\"@id\":\"https:\/\/adsccl.pt\/#\/schema\/logo\/image\/\",\"url\":\"https:\/\/adsccl.pt\/wp-content\/uploads\/2020\/04\/lOGO_adsCCL-2.png\",\"contentUrl\":\"https:\/\/adsccl.pt\/wp-content\/uploads\/2020\/04\/lOGO_adsCCL-2.png\",\"width\":1679,\"height\":540,\"caption\":\"ADSCCL\"},\"image\":{\"@id\":\"https:\/\/adsccl.pt\/#\/schema\/logo\/image\/\"}}]}<\/script>\n<!-- \/ Yoast SEO plugin. -->","yoast_head_json":{"title":"Microninho+Imigrante - ADSCCL","robots":{"index":"index","follow":"follow","max-snippet":"max-snippet:-1","max-image-preview":"max-image-preview:large","max-video-preview":"max-video-preview:-1"},"canonical":"https:\/\/adsccl.pt\/index.php\/microninhoimigrante\/","og_locale":"en_US","og_type":"article","og_title":"Microninho+Imigrante - ADSCCL","og_description":"Microninho + Imigrante TransformarDesafios emOportunidades Quem Somos? O Microninho tem como miss\u00e3o promover a inclus\u00e3o social e o desenvolvimento local sustent\u00e1vel, utilizando metodologias testadas e validadas para fomentar o microempreendedorismo inclusivo e sustent\u00e1vel, direcionado a p\u00fablicos em situa\u00e7\u00e3o de vulnerabilidade. Paralelamente, o projeto dinamiza, ativa e anima o ecossistema de inova\u00e7\u00e3o e empreendedorismo social nos...","og_url":"https:\/\/adsccl.pt\/index.php\/microninhoimigrante\/","og_site_name":"ADSCCL","article_modified_time":"2025-03-06T11:01:00+00:00","og_image":[{"width":1707,"height":2560,"url":"https:\/\/adsccl.pt\/wp-content\/uploads\/2025\/02\/pexels-vlada-karpovich-4050287-scaled.jpg","type":"image\/jpeg"}],"twitter_card":"summary_large_image","twitter_misc":{"Est. reading time":"3 minutes"},"schema":{"@context":"https:\/\/schema.org","@graph":[{"@type":"WebPage","@id":"https:\/\/adsccl.pt\/index.php\/microninhoimigrante\/","url":"https:\/\/adsccl.pt\/index.php\/microninhoimigrante\/","name":"Microninho+Imigrante - ADSCCL","isPartOf":{"@id":"https:\/\/adsccl.pt\/#website"},"primaryImageOfPage":{"@id":"https:\/\/adsccl.pt\/index.php\/microninhoimigrante\/#primaryimage"},"image":{"@id":"https:\/\/adsccl.pt\/index.php\/microninhoimigrante\/#primaryimage"},"thumbnailUrl":"https:\/\/adsccl.pt\/wp-content\/uploads\/2025\/02\/pexels-vlada-karpovich-4050287-scaled.jpg","datePublished":"2025-03-06T10:43:31+00:00","dateModified":"2025-03-06T11:01:00+00:00","breadcrumb":{"@id":"https:\/\/adsccl.pt\/index.php\/microninhoimigrante\/#breadcrumb"},"inLanguage":"en-US","potentialAction":[{"@type":"ReadAction","target":["https:\/\/adsccl.pt\/index.php\/microninhoimigrante\/"]}]},{"@type":"ImageObject","inLanguage":"en-US","@id":"https:\/\/adsccl.pt\/index.php\/microninhoimigrante\/#primaryimage","url":"https:\/\/adsccl.pt\/wp-content\/uploads\/2025\/02\/pexels-vlada-karpovich-4050287-scaled.jpg","contentUrl":"https:\/\/adsccl.pt\/wp-content\/uploads\/2025\/02\/pexels-vlada-karpovich-4050287-scaled.jpg","width":1707,"height":2560},{"@type":"BreadcrumbList","@id":"https:\/\/adsccl.pt\/index.php\/microninhoimigrante\/#breadcrumb","itemListElement":[{"@type":"ListItem","position":1,"name":"Home","item":"https:\/\/adsccl.pt\/"},{"@type":"ListItem","position":2,"name":"Microninho+Imigrante"}]},{"@type":"WebSite","@id":"https:\/\/adsccl.pt\/#website","url":"https:\/\/adsccl.pt\/","name":"ADSCCL","description":"INSPIRA\u00c7\u00c3O PARA UM MUNDO MELHOR","publisher":{"@id":"https:\/\/adsccl.pt\/#organization"},"potentialAction":[{"@type":"SearchAction","target":{"@type":"EntryPoint","urlTemplate":"https:\/\/adsccl.pt\/?s={search_term_string}"},"query-input":{"@type":"PropertyValueSpecification","valueRequired":true,"valueName":"search_term_string"}}],"inLanguage":"en-US"},{"@type":"Organization","@id":"https:\/\/adsccl.pt\/#organization","name":"ADSCCL","url":"https:\/\/adsccl.pt\/","logo":{"@type":"ImageObject","inLanguage":"en-US","@id":"https:\/\/adsccl.pt\/#\/schema\/logo\/image\/","url":"https:\/\/adsccl.pt\/wp-content\/uploads\/2020\/04\/lOGO_adsCCL-2.png","contentUrl":"https:\/\/adsccl.pt\/wp-content\/uploads\/2020\/04\/lOGO_adsCCL-2.png","width":1679,"height":540,"caption":"ADSCCL"},"image":{"@id":"https:\/\/adsccl.pt\/#\/schema\/logo\/image\/"}}]}},"campaignId":"","_links":{"self":[{"href":"https:\/\/adsccl.pt\/index.php\/wp-json\/wp\/v2\/pages\/988010","targetHints":{"allow":["GET"]}}],"collection":[{"href":"https:\/\/adsccl.pt\/index.php\/wp-json\/wp\/v2\/pages"}],"about":[{"href":"https:\/\/adsccl.pt\/index.php\/wp-json\/wp\/v2\/types\/page"}],"author":[{"embeddable":true,"href":"https:\/\/adsccl.pt\/index.php\/wp-json\/wp\/v2\/users\/1"}],"replies":[{"embeddable":true,"href":"https:\/\/adsccl.pt\/index.php\/wp-json\/wp\/v2\/comments?post=988010"}],"version-history":[{"count":7,"href":"https:\/\/adsccl.pt\/index.php\/wp-json\/wp\/v2\/pages\/988010\/revisions"}],"predecessor-version":[{"id":988022,"href":"https:\/\/adsccl.pt\/index.php\/wp-json\/wp\/v2\/pages\/988010\/revisions\/988022"}],"wp:attachment":[{"href":"https:\/\/adsccl.pt\/index.php\/wp-json\/wp\/v2\/media?parent=988010"}],"curies":[{"name":"wp","href":"https:\/\/api.w.org\/{rel}","templated":true}]}}